{"id":12483,"date":"2025-08-03T13:04:29","date_gmt":"2025-08-03T13:04:29","guid":{"rendered":"https:\/\/aramiso-test.verteco.app\/?product=montazny-hlinikovy-profil-r52-2200"},"modified":"2025-08-03T13:04:33","modified_gmt":"2025-08-03T13:04:33","slug":"montazny-hlinikovy-profil-r52-2200","status":"publish","type":"product","link":"https:\/\/aramiso-test.verteco.app\/?product=montazny-hlinikovy-profil-r52-2200","title":{"rendered":"Mont\u00e1\u017eny hlin\u00edkov\u00fd profil R52-2200"},"content":{"rendered":"<p>Hlin\u00edkov\u00fd nosn\u00fd profil 30 x 52 mm o d\u013a\u017eke 2200 mm na uchytenie fotovoltick\u00fdch panelov.<br \/>\nHorn\u00e1 dr\u00e1\u017eka sl\u00fa\u017ei na uchytenie panelov svorkami EIC\/FEC\/AEC s M8 skrutkami.<br \/>\nBo\u010dn\u00e1 dr\u00e1\u017eka je vhodn\u00e1 na uchytenie mont\u00e1\u017enych komponentov prizmou a M8 skrutkou pr\u00edpadne kladivkovou T skrutkou.<br \/>\nHmotnos\u0165 1m profilu je 0,7kg.<\/p>\n","protected":false},"excerpt":{"rendered":"<p>Materi\u00e1l: Hlin\u00edk, Povrchov\u00e1 \u00faprava: Eloxovan\u00fd, Vzh\u013ead: Strieborn\u00e1<\/p>\n","protected":false},"featured_media":0,"comment_status":"closed","ping_status":"open","template":"","meta":[],"product_brand":[],"product_cat":[15],"product_tag":[],"class_list":{"0":"post-12483","1":"product","2":"type-product","3":"status-publish","5":"product_cat-uncategorized","7":"first","8":"onbackorder","9":"sale","10":"purchasable","11":"product-type-simple"},"_links":{"self":[{"href":"https:\/\/aramiso-test.verteco.app\/index.php?rest_route=\/wp\/v2\/product\/12483","targetHints":{"allow":["GET"]}}],"collection":[{"href":"https:\/\/aramiso-test.verteco.app\/index.php?rest_route=\/wp\/v2\/product"}],"about":[{"href":"https:\/\/aramiso-test.verteco.app\/index.php?rest_route=\/wp\/v2\/types\/product"}],"replies":[{"embeddable":true,"href":"https:\/\/aramiso-test.verteco.app\/index.php?rest_route=%2Fwp%2Fv2%2Fcomments&post=12483"}],"wp:attachment":[{"href":"https:\/\/aramiso-test.verteco.app\/index.php?rest_route=%2Fwp%2Fv2%2Fmedia&parent=12483"}],"wp:term":[{"taxonomy":"product_brand","embeddable":true,"href":"https:\/\/aramiso-test.verteco.app\/index.php?rest_route=%2Fwp%2Fv2%2Fproduct_brand&post=12483"},{"taxonomy":"product_cat","embeddable":true,"href":"https:\/\/aramiso-test.verteco.app\/index.php?rest_route=%2Fwp%2Fv2%2Fproduct_cat&post=12483"},{"taxonomy":"product_tag","embeddable":true,"href":"https:\/\/aramiso-test.verteco.app\/index.php?rest_route=%2Fwp%2Fv2%2Fproduct_tag&post=12483"}],"curies":[{"name":"wp","href":"https:\/\/api.w.org\/{rel}","templated":true}]}}