{"id":12479,"date":"2025-08-03T13:04:29","date_gmt":"2025-08-03T13:04:29","guid":{"rendered":"https:\/\/aramiso-test.verteco.app\/?product=fotovolticky-panel-agora-ag-b60-370wp"},"modified":"2025-08-03T13:04:31","modified_gmt":"2025-08-03T13:04:31","slug":"fotovolticky-panel-agora-ag-b60-370wp","status":"publish","type":"product","link":"https:\/\/aramiso-test.verteco.app\/?product=fotovolticky-panel-agora-ag-b60-370wp","title":{"rendered":"Fotovoltick\u00fd panel Agora AG-B60 370Wp"},"content":{"rendered":"<p>Monokry\u0161talick\u00fd, bifaci\u00e1lny fotovoltick\u00fd panel s v\u00fdkonom 370Wp, obsahuje 60 krem\u00edkov\u00fdch \u010dl\u00e1nkov, ochrann\u00e9 kalen\u00e9 dvojsklo 2x2mm. Rozmery panela 1765x1043x5mm, hmotnos\u0165 22kg, IP68. \u00da\u010dinnos\u0165 panela 20,1%, 12% transparentnos\u0165. Pripojovacie k\u00e1ble 600mm\/4mm2, konektory MC4.<\/p>\n","protected":false},"excerpt":{"rendered":"<p>Materi\u00e1l: Sklo<\/p>\n","protected":false},"featured_media":0,"comment_status":"closed","ping_status":"open","template":"","meta":[],"product_brand":[],"product_cat":[15],"product_tag":[],"class_list":{"0":"post-12479","1":"product","2":"type-product","3":"status-publish","5":"product_cat-uncategorized","7":"first","8":"instock","9":"sale","10":"purchasable","11":"product-type-simple"},"_links":{"self":[{"href":"https:\/\/aramiso-test.verteco.app\/index.php?rest_route=\/wp\/v2\/product\/12479","targetHints":{"allow":["GET"]}}],"collection":[{"href":"https:\/\/aramiso-test.verteco.app\/index.php?rest_route=\/wp\/v2\/product"}],"about":[{"href":"https:\/\/aramiso-test.verteco.app\/index.php?rest_route=\/wp\/v2\/types\/product"}],"replies":[{"embeddable":true,"href":"https:\/\/aramiso-test.verteco.app\/index.php?rest_route=%2Fwp%2Fv2%2Fcomments&post=12479"}],"wp:attachment":[{"href":"https:\/\/aramiso-test.verteco.app\/index.php?rest_route=%2Fwp%2Fv2%2Fmedia&parent=12479"}],"wp:term":[{"taxonomy":"product_brand","embeddable":true,"href":"https:\/\/aramiso-test.verteco.app\/index.php?rest_route=%2Fwp%2Fv2%2Fproduct_brand&post=12479"},{"taxonomy":"product_cat","embeddable":true,"href":"https:\/\/aramiso-test.verteco.app\/index.php?rest_route=%2Fwp%2Fv2%2Fproduct_cat&post=12479"},{"taxonomy":"product_tag","embeddable":true,"href":"https:\/\/aramiso-test.verteco.app\/index.php?rest_route=%2Fwp%2Fv2%2Fproduct_tag&post=12479"}],"curies":[{"name":"wp","href":"https:\/\/api.w.org\/{rel}","templated":true}]}}