{"id":12478,"date":"2025-08-03T13:04:29","date_gmt":"2025-08-03T13:04:29","guid":{"rendered":"https:\/\/aramiso-test.verteco.app\/?product=fotovolticky-panel-jolywood-470wp-bifacialny"},"modified":"2025-08-03T13:04:31","modified_gmt":"2025-08-03T13:04:31","slug":"fotovolticky-panel-jolywood-470wp-bifacialny","status":"publish","type":"product","link":"https:\/\/aramiso-test.verteco.app\/?product=fotovolticky-panel-jolywood-470wp-bifacialny","title":{"rendered":"Fotovoltick\u00fd panel Jolywood 470Wp bifaci\u00e1lny"},"content":{"rendered":"<p>Monokry\u0161talick\u00fd, bifaci\u00e1lny fotovoltick\u00fd panel JW-HD144 s v\u00fdkonom 470Wp so \u0161pi\u010dkovou technol\u00f3giou NTOPCon, 11BB a half cell. Technol\u00f3gia N-typ m\u00e1 nulov\u00e9 riziko LID\/LeTID a v\u010faka \u010domu s\u00fa moduly spolehlivej\u0161ie, maj\u00fa lep\u0161iu bifacilitu (a\u017e 90 % zadn\u00ed strany), vy\u0161\u0161iu \u00fa\u010dinnos\u0165, ni\u017e\u0161\u00ed teplotn\u00fd koeficient a dlh\u0161iu \u017eivotnos\u0165. Rozmery panela s\u00fa 2095x1039x30mm, hmotnos\u0165 28kg, IP68. Panel m\u00e1 \u010dierny anodizovan\u00fd hlin\u00edkov\u00fd r\u00e1m.<br \/>\n\u00da\u010dinnos\u0165 panela 21,82%, pripojovacie konektory MC4.<\/p>\n","protected":false},"excerpt":{"rendered":"<p>Monokry\u0161talick\u00fd, bifaci\u00e1lny fotovoltick\u00fd panel JW-HD144 s v\u00fdkonom 470Wp so \u0161pi\u010dkovou technol\u00f3giou NTOPCon, 11BB a half cell. Technol\u00f3gia N-typ m\u00e1 nulov\u00e9 riziko LID\/LeTID a v\u010faka \u010domu s\u00fa moduly spolehlivej\u0161ie, maj\u00fa lep\u0161iu bifacilitu (a\u017e 90 % zadn\u00ed strany), vy\u0161\u0161iu \u00fa\u010dinnos\u0165, ni\u017e\u0161\u00ed teplotn\u00fd koeficient a dlh\u0161iu \u017eivotnos\u0165. Rozmery panela s\u00fa 2095x1039x30mm, hmotnos\u0165 28kg, IP68. Panel m\u00e1 \u010dierny anodizovan\u00fd [&hellip;]<\/p>\n","protected":false},"featured_media":0,"comment_status":"closed","ping_status":"open","template":"","meta":[],"product_brand":[],"product_cat":[15],"product_tag":[],"class_list":{"0":"post-12478","1":"product","2":"type-product","3":"status-publish","5":"product_cat-uncategorized","7":"first","8":"onbackorder","9":"sale","10":"purchasable","11":"product-type-simple"},"_links":{"self":[{"href":"https:\/\/aramiso-test.verteco.app\/index.php?rest_route=\/wp\/v2\/product\/12478","targetHints":{"allow":["GET"]}}],"collection":[{"href":"https:\/\/aramiso-test.verteco.app\/index.php?rest_route=\/wp\/v2\/product"}],"about":[{"href":"https:\/\/aramiso-test.verteco.app\/index.php?rest_route=\/wp\/v2\/types\/product"}],"replies":[{"embeddable":true,"href":"https:\/\/aramiso-test.verteco.app\/index.php?rest_route=%2Fwp%2Fv2%2Fcomments&post=12478"}],"wp:attachment":[{"href":"https:\/\/aramiso-test.verteco.app\/index.php?rest_route=%2Fwp%2Fv2%2Fmedia&parent=12478"}],"wp:term":[{"taxonomy":"product_brand","embeddable":true,"href":"https:\/\/aramiso-test.verteco.app\/index.php?rest_route=%2Fwp%2Fv2%2Fproduct_brand&post=12478"},{"taxonomy":"product_cat","embeddable":true,"href":"https:\/\/aramiso-test.verteco.app\/index.php?rest_route=%2Fwp%2Fv2%2Fproduct_cat&post=12478"},{"taxonomy":"product_tag","embeddable":true,"href":"https:\/\/aramiso-test.verteco.app\/index.php?rest_route=%2Fwp%2Fv2%2Fproduct_tag&post=12478"}],"curies":[{"name":"wp","href":"https:\/\/api.w.org\/{rel}","templated":true}]}}