{"id":12470,"date":"2025-08-03T13:04:15","date_gmt":"2025-08-03T13:04:15","guid":{"rendered":"https:\/\/aramiso-test.verteco.app\/?product=stlpik-antikor-bk-rovne-aisi316-d40x40-h1000mm"},"modified":"2025-08-03T13:04:24","modified_gmt":"2025-08-03T13:04:24","slug":"stlpik-antikor-bk-rovne-aisi316-d40x40-h1000mm","status":"publish","type":"product","link":"https:\/\/aramiso-test.verteco.app\/?product=stlpik-antikor-bk-rovne-aisi316-d40x40-h1000mm","title":{"rendered":"St\u013apik antikor, BK-rovn\u00e9 AISI316, D40x40\/H1000mm"},"content":{"rendered":"<p>nerezov\u00fd st\u013apik 40x40mm, Bo\u010dn\u00e9 kotvenie , materi\u00e1l AISI 304 brus K320, vertik\u00e1lna v\u00fdpl\u0148, pre kruhov\u00e9 madlo D42mm. Ur\u010den\u00e9 pre rovn\u00e9 z\u00e1bradlie v\u00fd\u0161ky 100 cm pre mont\u00e1\u017e s max. prepadom do 12 metrov. Bez mo\u017enosti nastavenia sklonu madla.<\/p>\n","protected":false},"excerpt":{"rendered":"<p>Materi\u00e1l: Nerez AISI 316, Povrchov\u00e1 \u00faprava: Brus, Otvor: Bez otvoru<\/p>\n","protected":false},"featured_media":0,"comment_status":"closed","ping_status":"open","template":"","meta":[],"product_brand":[],"product_cat":[15],"product_tag":[],"class_list":{"0":"post-12470","1":"product","2":"type-product","3":"status-publish","5":"product_cat-uncategorized","7":"first","8":"onbackorder","9":"sale","10":"purchasable","11":"product-type-simple"},"_links":{"self":[{"href":"https:\/\/aramiso-test.verteco.app\/index.php?rest_route=\/wp\/v2\/product\/12470","targetHints":{"allow":["GET"]}}],"collection":[{"href":"https:\/\/aramiso-test.verteco.app\/index.php?rest_route=\/wp\/v2\/product"}],"about":[{"href":"https:\/\/aramiso-test.verteco.app\/index.php?rest_route=\/wp\/v2\/types\/product"}],"replies":[{"embeddable":true,"href":"https:\/\/aramiso-test.verteco.app\/index.php?rest_route=%2Fwp%2Fv2%2Fcomments&post=12470"}],"wp:attachment":[{"href":"https:\/\/aramiso-test.verteco.app\/index.php?rest_route=%2Fwp%2Fv2%2Fmedia&parent=12470"}],"wp:term":[{"taxonomy":"product_brand","embeddable":true,"href":"https:\/\/aramiso-test.verteco.app\/index.php?rest_route=%2Fwp%2Fv2%2Fproduct_brand&post=12470"},{"taxonomy":"product_cat","embeddable":true,"href":"https:\/\/aramiso-test.verteco.app\/index.php?rest_route=%2Fwp%2Fv2%2Fproduct_cat&post=12470"},{"taxonomy":"product_tag","embeddable":true,"href":"https:\/\/aramiso-test.verteco.app\/index.php?rest_route=%2Fwp%2Fv2%2Fproduct_tag&post=12470"}],"curies":[{"name":"wp","href":"https:\/\/api.w.org\/{rel}","templated":true}]}}