{"id":12452,"date":"2025-08-03T13:04:03","date_gmt":"2025-08-03T13:04:03","guid":{"rendered":"https:\/\/aramiso-test.verteco.app\/?product=zasklenie-pevne-profil-u-skladany-z-dvoch-casti-3"},"modified":"2025-08-03T13:04:12","modified_gmt":"2025-08-03T13:04:12","slug":"zasklenie-pevne-profil-u-skladany-z-dvoch-casti-3","status":"publish","type":"product","link":"https:\/\/aramiso-test.verteco.app\/?product=zasklenie-pevne-profil-u-skladany-z-dvoch-casti-3","title":{"rendered":"Zasklenie pevn\u00e9 &#8211; profil U skladan\u00fd z dvoch \u010dasti"},"content":{"rendered":"<p>set neobsahuje tesnenie GS-PVC\/C-3535\/N, GS-PVC\/G-3535\/N\/B + GS-PVC\/ZP-3535-&#8230; max. v\u00fd\u0161ka tabule 2,6m<\/p>\n","protected":false},"excerpt":{"rendered":"<p>Materi\u00e1l: Hlin\u00edk, Povrchov\u00e1 \u00faprava: Pr\u00e1\u0161kovan\u00fd, Glass t: 8-10, Vzh\u013ead: \u010cierna, L: 2950<\/p>\n","protected":false},"featured_media":0,"comment_status":"closed","ping_status":"open","template":"","meta":[],"product_brand":[],"product_cat":[15],"product_tag":[],"class_list":{"0":"post-12452","1":"product","2":"type-product","3":"status-publish","5":"product_cat-uncategorized","7":"first","8":"onbackorder","9":"sale","10":"purchasable","11":"product-type-simple"},"_links":{"self":[{"href":"https:\/\/aramiso-test.verteco.app\/index.php?rest_route=\/wp\/v2\/product\/12452","targetHints":{"allow":["GET"]}}],"collection":[{"href":"https:\/\/aramiso-test.verteco.app\/index.php?rest_route=\/wp\/v2\/product"}],"about":[{"href":"https:\/\/aramiso-test.verteco.app\/index.php?rest_route=\/wp\/v2\/types\/product"}],"replies":[{"embeddable":true,"href":"https:\/\/aramiso-test.verteco.app\/index.php?rest_route=%2Fwp%2Fv2%2Fcomments&post=12452"}],"wp:attachment":[{"href":"https:\/\/aramiso-test.verteco.app\/index.php?rest_route=%2Fwp%2Fv2%2Fmedia&parent=12452"}],"wp:term":[{"taxonomy":"product_brand","embeddable":true,"href":"https:\/\/aramiso-test.verteco.app\/index.php?rest_route=%2Fwp%2Fv2%2Fproduct_brand&post=12452"},{"taxonomy":"product_cat","embeddable":true,"href":"https:\/\/aramiso-test.verteco.app\/index.php?rest_route=%2Fwp%2Fv2%2Fproduct_cat&post=12452"},{"taxonomy":"product_tag","embeddable":true,"href":"https:\/\/aramiso-test.verteco.app\/index.php?rest_route=%2Fwp%2Fv2%2Fproduct_tag&post=12452"}],"curies":[{"name":"wp","href":"https:\/\/api.w.org\/{rel}","templated":true}]}}