{"id":12436,"date":"2025-08-03T13:04:03","date_gmt":"2025-08-03T13:04:03","guid":{"rendered":"https:\/\/aramiso-test.verteco.app\/?product=presklena-strieska-hlinik-profil-fix-1-5-2"},"modified":"2025-08-03T13:04:03","modified_gmt":"2025-08-03T13:04:03","slug":"presklena-strieska-hlinik-profil-fix-1-5-2","status":"publish","type":"product","link":"https:\/\/aramiso-test.verteco.app\/?product=presklena-strieska-hlinik-profil-fix-1-5-2","title":{"rendered":"Presklen\u00e1 strie\u0161ka hlin\u00edk profil FIX +1.5\u00b0"},"content":{"rendered":"<p>Presklen\u00e1 strie\u0161ka hlin\u00edk pre bezpe\u010dnostv\u00e9 sklo lepen\u00e9  21,52, zata\u017eenie 1,6kN\/m2, priemer mont\u00e1\u017enych otvorov D11mm, Hlin\u00edkov\u00e1 li\u0161ta pre sklenen\u00fd pr\u00edstre\u0161ok dod\u00e1van\u00e1 bez skla. Sada obsahuje profil, z\u00e1slepky, tesnenie a potrebn\u00e9 diely pre kone\u010dn\u00fa mont\u00e1\u017e skla. 12 pr\u00edtla\u010dn\u00fdch skrutiek + 6 pr\u00edtla\u010dn\u00fdch skrutiek s bezpe\u010dnostn\u00fdm kol\u00edkom<\/p>\n","protected":false},"excerpt":{"rendered":"<p>Materi\u00e1l: Hlin\u00edk, Povrchov\u00e1 \u00faprava: Eloxovan\u00fd, Glass t: 21,52, L: 3000, Kotvenie: Na stenu, Otvor v skle: \u00c1no, LED: \u00c1no, Quality: VSG\/TVG, G\/h kN: 1,5<\/p>\n","protected":false},"featured_media":0,"comment_status":"closed","ping_status":"open","template":"","meta":[],"product_brand":[],"product_cat":[15],"product_tag":[],"class_list":{"0":"post-12436","1":"product","2":"type-product","3":"status-publish","5":"product_cat-uncategorized","7":"first","8":"instock","9":"sale","10":"purchasable","11":"product-type-simple"},"_links":{"self":[{"href":"https:\/\/aramiso-test.verteco.app\/index.php?rest_route=\/wp\/v2\/product\/12436","targetHints":{"allow":["GET"]}}],"collection":[{"href":"https:\/\/aramiso-test.verteco.app\/index.php?rest_route=\/wp\/v2\/product"}],"about":[{"href":"https:\/\/aramiso-test.verteco.app\/index.php?rest_route=\/wp\/v2\/types\/product"}],"replies":[{"embeddable":true,"href":"https:\/\/aramiso-test.verteco.app\/index.php?rest_route=%2Fwp%2Fv2%2Fcomments&post=12436"}],"wp:attachment":[{"href":"https:\/\/aramiso-test.verteco.app\/index.php?rest_route=%2Fwp%2Fv2%2Fmedia&parent=12436"}],"wp:term":[{"taxonomy":"product_brand","embeddable":true,"href":"https:\/\/aramiso-test.verteco.app\/index.php?rest_route=%2Fwp%2Fv2%2Fproduct_brand&post=12436"},{"taxonomy":"product_cat","embeddable":true,"href":"https:\/\/aramiso-test.verteco.app\/index.php?rest_route=%2Fwp%2Fv2%2Fproduct_cat&post=12436"},{"taxonomy":"product_tag","embeddable":true,"href":"https:\/\/aramiso-test.verteco.app\/index.php?rest_route=%2Fwp%2Fv2%2Fproduct_tag&post=12436"}],"curies":[{"name":"wp","href":"https:\/\/api.w.org\/{rel}","templated":true}]}}