{"id":12434,"date":"2025-10-26T12:44:23","date_gmt":"2025-10-26T12:44:23","guid":{"rendered":"https:\/\/aramiso-test.verteco.app\/?product=sklenena-strieska-hlinik-profil-10"},"modified":"2025-10-26T12:44:25","modified_gmt":"2025-10-26T12:44:25","slug":"sklenena-strieska-hlinik-profil-10","status":"publish","type":"product","link":"https:\/\/aramiso-test.verteco.app\/?product=sklenena-strieska-hlinik-profil-10","title":{"rendered":"Sklenen\u00e1 strie\u0161ka hlin\u00edk profil +10\u00b0"},"content":{"rendered":"<p>Hlin\u00edkov\u00e1 li\u0161ta pre sklenen\u00fd pr\u00edstre\u0161ok dod\u00e1van\u00e1 bez skla. Sada obsahuje profil, z\u00e1slepky, tesnenie a potrebn\u00e9 diely pre kone\u010dn\u00fa mont\u00e1\u017e skla.<\/p>\n","protected":false},"excerpt":{"rendered":"<p>Materi\u00e1l: Hlin\u00edk, Povrchov\u00e1 \u00faprava: Natural, Glass t: 17,52, L: 3000, Kotvenie: Na stenu, Otvor v skle: \u00c1no, Quality: VSG\/TVG, G\/h kN: 1,5<\/p>\n","protected":false},"featured_media":0,"comment_status":"closed","ping_status":"open","template":"","meta":[],"product_brand":[],"product_cat":[15],"product_tag":[],"class_list":{"0":"post-12434","1":"product","2":"type-product","3":"status-publish","5":"product_cat-uncategorized","7":"first","8":"instock","9":"sale","10":"purchasable","11":"product-type-simple"},"_links":{"self":[{"href":"https:\/\/aramiso-test.verteco.app\/index.php?rest_route=\/wp\/v2\/product\/12434","targetHints":{"allow":["GET"]}}],"collection":[{"href":"https:\/\/aramiso-test.verteco.app\/index.php?rest_route=\/wp\/v2\/product"}],"about":[{"href":"https:\/\/aramiso-test.verteco.app\/index.php?rest_route=\/wp\/v2\/types\/product"}],"replies":[{"embeddable":true,"href":"https:\/\/aramiso-test.verteco.app\/index.php?rest_route=%2Fwp%2Fv2%2Fcomments&post=12434"}],"wp:attachment":[{"href":"https:\/\/aramiso-test.verteco.app\/index.php?rest_route=%2Fwp%2Fv2%2Fmedia&parent=12434"}],"wp:term":[{"taxonomy":"product_brand","embeddable":true,"href":"https:\/\/aramiso-test.verteco.app\/index.php?rest_route=%2Fwp%2Fv2%2Fproduct_brand&post=12434"},{"taxonomy":"product_cat","embeddable":true,"href":"https:\/\/aramiso-test.verteco.app\/index.php?rest_route=%2Fwp%2Fv2%2Fproduct_cat&post=12434"},{"taxonomy":"product_tag","embeddable":true,"href":"https:\/\/aramiso-test.verteco.app\/index.php?rest_route=%2Fwp%2Fv2%2Fproduct_tag&post=12434"}],"curies":[{"name":"wp","href":"https:\/\/api.w.org\/{rel}","templated":true}]}}