{"id":12420,"date":"2025-10-26T12:44:23","date_gmt":"2025-10-26T12:44:23","guid":{"rendered":"https:\/\/aramiso-test.verteco.app\/?product=odvodnovaci-profil-pre-sklenenu-striesku-okap"},"modified":"2025-10-26T12:44:27","modified_gmt":"2025-10-26T12:44:27","slug":"odvodnovaci-profil-pre-sklenenu-striesku-okap","status":"publish","type":"product","link":"https:\/\/aramiso-test.verteco.app\/?product=odvodnovaci-profil-pre-sklenenu-striesku-okap","title":{"rendered":"Odvod\u0148ovac\u00ed profil pre sklenen\u00fa strie\u0161ku okap"},"content":{"rendered":"<p>Li\u0161ta odvod\u0148ovacia p\u00e1sovina, d\u013a\u017eka 412mm.<\/p>\n","protected":false},"excerpt":{"rendered":"<p>Materi\u00e1l: Hlin\u00edk, Glass t: 16,76-21,52, L: 3000<\/p>\n","protected":false},"featured_media":0,"comment_status":"closed","ping_status":"open","template":"","meta":[],"product_brand":[],"product_cat":[15],"product_tag":[],"class_list":{"0":"post-12420","1":"product","2":"type-product","3":"status-publish","5":"product_cat-uncategorized","7":"first","8":"instock","9":"sale","10":"purchasable","11":"product-type-simple"},"_links":{"self":[{"href":"https:\/\/aramiso-test.verteco.app\/index.php?rest_route=\/wp\/v2\/product\/12420","targetHints":{"allow":["GET"]}}],"collection":[{"href":"https:\/\/aramiso-test.verteco.app\/index.php?rest_route=\/wp\/v2\/product"}],"about":[{"href":"https:\/\/aramiso-test.verteco.app\/index.php?rest_route=\/wp\/v2\/types\/product"}],"replies":[{"embeddable":true,"href":"https:\/\/aramiso-test.verteco.app\/index.php?rest_route=%2Fwp%2Fv2%2Fcomments&post=12420"}],"wp:attachment":[{"href":"https:\/\/aramiso-test.verteco.app\/index.php?rest_route=%2Fwp%2Fv2%2Fmedia&parent=12420"}],"wp:term":[{"taxonomy":"product_brand","embeddable":true,"href":"https:\/\/aramiso-test.verteco.app\/index.php?rest_route=%2Fwp%2Fv2%2Fproduct_brand&post=12420"},{"taxonomy":"product_cat","embeddable":true,"href":"https:\/\/aramiso-test.verteco.app\/index.php?rest_route=%2Fwp%2Fv2%2Fproduct_cat&post=12420"},{"taxonomy":"product_tag","embeddable":true,"href":"https:\/\/aramiso-test.verteco.app\/index.php?rest_route=%2Fwp%2Fv2%2Fproduct_tag&post=12420"}],"curies":[{"name":"wp","href":"https:\/\/api.w.org\/{rel}","templated":true}]}}