{"id":12418,"date":"2025-10-26T12:44:17","date_gmt":"2025-10-26T12:44:17","guid":{"rendered":"https:\/\/aramiso-test.verteco.app\/?product=drziak-skla-21"},"modified":"2025-10-26T12:44:19","modified_gmt":"2025-10-26T12:44:19","slug":"drziak-skla-21","status":"publish","type":"product","link":"https:\/\/aramiso-test.verteco.app\/?product=drziak-skla-21","title":{"rendered":"Dr\u017eiak skla"},"content":{"rendered":"<p>SET4 obsahuje 4ks drziak skla farba \u010dierna v rozobratom stave + 8ks skrutky A2 DIN7991 M6x16 + 8ks krytky PVC farba \u010dierna na prekrytie skrutiek A2 DIN7991 M6x16 + 4ks skrutky A2 DIN 7380 M8x20. Drziak vyplne skla (plechu, tabu\u013eovej vyplne). Dr\u017eanie vyplne (poistenie vo\u010di vypadnutiu): zverny spoj (doporucene pouzitie pri vrchnom kotveni) alebo zverny spoj + kolik (doporucene pouzitie pre bocne kotvenie) alebo zverny spoj + bezpe\u010dnostn\u00e1 platnicka (doporucene pouzitie pre bocne kotvenie. Dr\u017eiak neobsahuje tesnenie (nutnost dokupit 2ks tesneni podla hrubky skla) a krytky pre skrutky.<\/p>\n","protected":false},"excerpt":{"rendered":"<p>Materi\u00e1l: Nerez AISI 304, Povrchov\u00e1 \u00faprava: Pr\u00e1\u0161kovan\u00fd, V\u00fdpl\u0148: Sklo+Plech, Glass t: 6\/6,76\/8\/8,76\/10\/10,76\/1,5\/2\/3, St\u013apik: flat, Model: Model 200P, Vzh\u013ead: \u010cierna RAL 9005<\/p>\n","protected":false},"featured_media":0,"comment_status":"closed","ping_status":"open","template":"","meta":[],"product_brand":[],"product_cat":[15],"product_tag":[],"class_list":{"0":"post-12418","1":"product","2":"type-product","3":"status-publish","5":"product_cat-uncategorized","7":"first","8":"instock","9":"sale","10":"purchasable","11":"product-type-simple"},"_links":{"self":[{"href":"https:\/\/aramiso-test.verteco.app\/index.php?rest_route=\/wp\/v2\/product\/12418","targetHints":{"allow":["GET"]}}],"collection":[{"href":"https:\/\/aramiso-test.verteco.app\/index.php?rest_route=\/wp\/v2\/product"}],"about":[{"href":"https:\/\/aramiso-test.verteco.app\/index.php?rest_route=\/wp\/v2\/types\/product"}],"replies":[{"embeddable":true,"href":"https:\/\/aramiso-test.verteco.app\/index.php?rest_route=%2Fwp%2Fv2%2Fcomments&post=12418"}],"wp:attachment":[{"href":"https:\/\/aramiso-test.verteco.app\/index.php?rest_route=%2Fwp%2Fv2%2Fmedia&parent=12418"}],"wp:term":[{"taxonomy":"product_brand","embeddable":true,"href":"https:\/\/aramiso-test.verteco.app\/index.php?rest_route=%2Fwp%2Fv2%2Fproduct_brand&post=12418"},{"taxonomy":"product_cat","embeddable":true,"href":"https:\/\/aramiso-test.verteco.app\/index.php?rest_route=%2Fwp%2Fv2%2Fproduct_cat&post=12418"},{"taxonomy":"product_tag","embeddable":true,"href":"https:\/\/aramiso-test.verteco.app\/index.php?rest_route=%2Fwp%2Fv2%2Fproduct_tag&post=12418"}],"curies":[{"name":"wp","href":"https:\/\/api.w.org\/{rel}","templated":true}]}}