{"id":12415,"date":"2025-08-03T13:02:39","date_gmt":"2025-08-03T13:02:39","guid":{"rendered":"https:\/\/aramiso-test.verteco.app\/?product=stlpik-vrchne-kotvenie-rohovy-r"},"modified":"2025-08-03T13:02:53","modified_gmt":"2025-08-03T13:02:53","slug":"stlpik-vrchne-kotvenie-rohovy-r","status":"publish","type":"product","link":"https:\/\/aramiso-test.verteco.app\/?product=stlpik-vrchne-kotvenie-rohovy-r","title":{"rendered":"St\u013apik &#8211; vrchn\u00e9 kotvenie &#8211; rohov\u00fd R"},"content":{"rendered":"<p>Glass height = [1070 &#8211; (100 + 2 + 3)] mm= 965mm<\/p>\n","protected":false},"excerpt":{"rendered":"<p>Materi\u00e1l: Hlin\u00edk, Povrchov\u00e1 \u00faprava: Farba, V\u00fdpl\u0148: Sklo, Glass t: 11,52, St\u013apik: 81&#215;47, Tvar prierezu: Elipsa, Vzh\u013ead: \u010cierna RAL 9005, h: 107, G\/h kN: 1,5<\/p>\n","protected":false},"featured_media":0,"comment_status":"closed","ping_status":"open","template":"","meta":[],"product_brand":[],"product_cat":[15],"product_tag":[],"class_list":{"0":"post-12415","1":"product","2":"type-product","3":"status-publish","5":"product_cat-uncategorized","7":"first","8":"instock","9":"sale","10":"purchasable","11":"product-type-simple"},"_links":{"self":[{"href":"https:\/\/aramiso-test.verteco.app\/index.php?rest_route=\/wp\/v2\/product\/12415","targetHints":{"allow":["GET"]}}],"collection":[{"href":"https:\/\/aramiso-test.verteco.app\/index.php?rest_route=\/wp\/v2\/product"}],"about":[{"href":"https:\/\/aramiso-test.verteco.app\/index.php?rest_route=\/wp\/v2\/types\/product"}],"replies":[{"embeddable":true,"href":"https:\/\/aramiso-test.verteco.app\/index.php?rest_route=%2Fwp%2Fv2%2Fcomments&post=12415"}],"wp:attachment":[{"href":"https:\/\/aramiso-test.verteco.app\/index.php?rest_route=%2Fwp%2Fv2%2Fmedia&parent=12415"}],"wp:term":[{"taxonomy":"product_brand","embeddable":true,"href":"https:\/\/aramiso-test.verteco.app\/index.php?rest_route=%2Fwp%2Fv2%2Fproduct_brand&post=12415"},{"taxonomy":"product_cat","embeddable":true,"href":"https:\/\/aramiso-test.verteco.app\/index.php?rest_route=%2Fwp%2Fv2%2Fproduct_cat&post=12415"},{"taxonomy":"product_tag","embeddable":true,"href":"https:\/\/aramiso-test.verteco.app\/index.php?rest_route=%2Fwp%2Fv2%2Fproduct_tag&post=12415"}],"curies":[{"name":"wp","href":"https:\/\/api.w.org\/{rel}","templated":true}]}}