{"id":12408,"date":"2025-08-03T13:02:39","date_gmt":"2025-08-03T13:02:39","guid":{"rendered":"https:\/\/aramiso-test.verteco.app\/?product=panel-kluciek-z-nerezovej-ocele"},"modified":"2025-08-03T13:02:50","modified_gmt":"2025-08-03T13:02:50","slug":"panel-kluciek-z-nerezovej-ocele","status":"publish","type":"product","link":"https:\/\/aramiso-test.verteco.app\/?product=panel-kluciek-z-nerezovej-ocele","title":{"rendered":"Panel k\u013eu\u010diek z nerezovej ocele"},"content":{"rendered":"<p>D8\/20-i<br \/>\nD8\/03-i<br \/>\nD8\/010-i<br \/>\nD8\/18-i<br \/>\nD8\/17-i<br \/>\nD8\/16-i<br \/>\nD8\/04-i<br \/>\nD8\/05-i<\/p>\n<p>D8\/014-i<\/p>\n","protected":false},"excerpt":{"rendered":"<p>Materi\u00e1l: Nerez AISI 304, Povrchov\u00e1 \u00faprava: Brus<\/p>\n","protected":false},"featured_media":0,"comment_status":"closed","ping_status":"open","template":"","meta":[],"product_brand":[],"product_cat":[15],"product_tag":[],"class_list":{"0":"post-12408","1":"product","2":"type-product","3":"status-publish","5":"product_cat-uncategorized","7":"first","8":"instock","9":"sale","10":"purchasable","11":"product-type-simple"},"_links":{"self":[{"href":"https:\/\/aramiso-test.verteco.app\/index.php?rest_route=\/wp\/v2\/product\/12408","targetHints":{"allow":["GET"]}}],"collection":[{"href":"https:\/\/aramiso-test.verteco.app\/index.php?rest_route=\/wp\/v2\/product"}],"about":[{"href":"https:\/\/aramiso-test.verteco.app\/index.php?rest_route=\/wp\/v2\/types\/product"}],"replies":[{"embeddable":true,"href":"https:\/\/aramiso-test.verteco.app\/index.php?rest_route=%2Fwp%2Fv2%2Fcomments&post=12408"}],"wp:attachment":[{"href":"https:\/\/aramiso-test.verteco.app\/index.php?rest_route=%2Fwp%2Fv2%2Fmedia&parent=12408"}],"wp:term":[{"taxonomy":"product_brand","embeddable":true,"href":"https:\/\/aramiso-test.verteco.app\/index.php?rest_route=%2Fwp%2Fv2%2Fproduct_brand&post=12408"},{"taxonomy":"product_cat","embeddable":true,"href":"https:\/\/aramiso-test.verteco.app\/index.php?rest_route=%2Fwp%2Fv2%2Fproduct_cat&post=12408"},{"taxonomy":"product_tag","embeddable":true,"href":"https:\/\/aramiso-test.verteco.app\/index.php?rest_route=%2Fwp%2Fv2%2Fproduct_tag&post=12408"}],"curies":[{"name":"wp","href":"https:\/\/api.w.org\/{rel}","templated":true}]}}