{"id":12390,"date":"2025-08-03T13:02:18","date_gmt":"2025-08-03T13:02:18","guid":{"rendered":"https:\/\/aramiso-test.verteco.app\/?product=klucka-gula-pevna-par-aisi-304-k320-lava"},"modified":"2025-08-03T13:02:28","modified_gmt":"2025-08-03T13:02:28","slug":"klucka-gula-pevna-par-aisi-304-k320-lava","status":"publish","type":"product","link":"https:\/\/aramiso-test.verteco.app\/?product=klucka-gula-pevna-par-aisi-304-k320-lava","title":{"rendered":"K\u013eu\u010dka &#8211; gu\u013ea pevn\u00e1- p\u00e1r AISI 304, K320, \u013eav\u00e1"},"content":{"rendered":"<p>mo\u017enos\u0165 oto\u010denia pru\u017einov\u00e9ho vratn\u00e9ho mechanizmu pre zmenu smeru otv\u00e1rania<\/p>\n","protected":false},"excerpt":{"rendered":"<p>Materi\u00e1l: Nerez AISI 304, Povrchov\u00e1 \u00faprava: Brus, t: 1, Phi sq: 8, A: 80, C: 10, a: 31, B: 90, b: 65, D: 50, H: 15<\/p>\n","protected":false},"featured_media":0,"comment_status":"closed","ping_status":"open","template":"","meta":[],"product_brand":[],"product_cat":[15],"product_tag":[],"class_list":{"0":"post-12390","1":"product","2":"type-product","3":"status-publish","5":"product_cat-uncategorized","7":"first","8":"onbackorder","9":"sale","10":"purchasable","11":"product-type-simple"},"_links":{"self":[{"href":"https:\/\/aramiso-test.verteco.app\/index.php?rest_route=\/wp\/v2\/product\/12390","targetHints":{"allow":["GET"]}}],"collection":[{"href":"https:\/\/aramiso-test.verteco.app\/index.php?rest_route=\/wp\/v2\/product"}],"about":[{"href":"https:\/\/aramiso-test.verteco.app\/index.php?rest_route=\/wp\/v2\/types\/product"}],"replies":[{"embeddable":true,"href":"https:\/\/aramiso-test.verteco.app\/index.php?rest_route=%2Fwp%2Fv2%2Fcomments&post=12390"}],"wp:attachment":[{"href":"https:\/\/aramiso-test.verteco.app\/index.php?rest_route=%2Fwp%2Fv2%2Fmedia&parent=12390"}],"wp:term":[{"taxonomy":"product_brand","embeddable":true,"href":"https:\/\/aramiso-test.verteco.app\/index.php?rest_route=%2Fwp%2Fv2%2Fproduct_brand&post=12390"},{"taxonomy":"product_cat","embeddable":true,"href":"https:\/\/aramiso-test.verteco.app\/index.php?rest_route=%2Fwp%2Fv2%2Fproduct_cat&post=12390"},{"taxonomy":"product_tag","embeddable":true,"href":"https:\/\/aramiso-test.verteco.app\/index.php?rest_route=%2Fwp%2Fv2%2Fproduct_tag&post=12390"}],"curies":[{"name":"wp","href":"https:\/\/api.w.org\/{rel}","templated":true}]}}