{"id":12379,"date":"2025-08-03T13:02:18","date_gmt":"2025-08-03T13:02:18","guid":{"rendered":"https:\/\/aramiso-test.verteco.app\/?product=klucka-so-stitkom-par-aisi-304-k320-9"},"modified":"2025-08-03T13:02:20","modified_gmt":"2025-08-03T13:02:20","slug":"klucka-so-stitkom-par-aisi-304-k320-9","status":"publish","type":"product","link":"https:\/\/aramiso-test.verteco.app\/?product=klucka-so-stitkom-par-aisi-304-k320-9","title":{"rendered":"K\u013eu\u010dka so \u0161t\u00edtkom &#8211; p\u00e1r, AISI 304, K320"},"content":{"rendered":"<p>K\u013eu\u010dka so \u0161t\u00edtkom na cylindrick\u00fa vlo\u017eku &#8211; 1p\u00e1r &#8211; brusen\u00fd nerez, mo\u017enos\u0165 oto\u010denia pru\u017einov\u00e9ho vratn\u00e9ho mechanizmu pre zmenu smeru otv\u00e1rania<\/p>\n","protected":false},"excerpt":{"rendered":"<p>Materi\u00e1l: Nerez AISI 304, Povrchov\u00e1 \u00faprava: PVD Black, s: 46, t: 1, Phi sq: 8, A: 45, C: 10, a: 35, B: 120, b: 63, D: 19<\/p>\n","protected":false},"featured_media":0,"comment_status":"closed","ping_status":"open","template":"","meta":[],"product_brand":[],"product_cat":[15],"product_tag":[],"class_list":{"0":"post-12379","1":"product","2":"type-product","3":"status-publish","5":"product_cat-uncategorized","7":"first","8":"onbackorder","9":"sale","10":"purchasable","11":"product-type-simple"},"_links":{"self":[{"href":"https:\/\/aramiso-test.verteco.app\/index.php?rest_route=\/wp\/v2\/product\/12379","targetHints":{"allow":["GET"]}}],"collection":[{"href":"https:\/\/aramiso-test.verteco.app\/index.php?rest_route=\/wp\/v2\/product"}],"about":[{"href":"https:\/\/aramiso-test.verteco.app\/index.php?rest_route=\/wp\/v2\/types\/product"}],"replies":[{"embeddable":true,"href":"https:\/\/aramiso-test.verteco.app\/index.php?rest_route=%2Fwp%2Fv2%2Fcomments&post=12379"}],"wp:attachment":[{"href":"https:\/\/aramiso-test.verteco.app\/index.php?rest_route=%2Fwp%2Fv2%2Fmedia&parent=12379"}],"wp:term":[{"taxonomy":"product_brand","embeddable":true,"href":"https:\/\/aramiso-test.verteco.app\/index.php?rest_route=%2Fwp%2Fv2%2Fproduct_brand&post=12379"},{"taxonomy":"product_cat","embeddable":true,"href":"https:\/\/aramiso-test.verteco.app\/index.php?rest_route=%2Fwp%2Fv2%2Fproduct_cat&post=12379"},{"taxonomy":"product_tag","embeddable":true,"href":"https:\/\/aramiso-test.verteco.app\/index.php?rest_route=%2Fwp%2Fv2%2Fproduct_tag&post=12379"}],"curies":[{"name":"wp","href":"https:\/\/api.w.org\/{rel}","templated":true}]}}