{"id":12331,"date":"2025-08-03T13:00:06","date_gmt":"2025-08-03T13:00:06","guid":{"rendered":"https:\/\/aramiso-test.verteco.app\/?product=francuzske-okno-al-ram-bez-skla-kotvenie-do-okna-7"},"modified":"2025-08-03T13:00:38","modified_gmt":"2025-08-03T13:00:38","slug":"francuzske-okno-al-ram-bez-skla-kotvenie-do-okna-7","status":"publish","type":"product","link":"https:\/\/aramiso-test.verteco.app\/?product=francuzske-okno-al-ram-bez-skla-kotvenie-do-okna-7","title":{"rendered":"Franc\u00fazske okno AL r\u00e1m bez skla, kotvenie do okna"},"content":{"rendered":"<p>Sklenen\u00e9 z\u00e1bradlie pre svojpomocn\u00fa mont\u00e1\u017e bez potreby zv\u00e1rania, kotvenie do okna. Povrchova \u00faprava BLACK ELOX. Profil 50x39mm. 4x8mm otvor pre kotvenie. Sada obsahuje 2ks AL profil 1000mm, 2ks kryt profilu 1000mm, 4 ks z\u00e1slepka profilu, samostatn\u00e1 sada tesnen\u00ed pre sklo 12,76mm, samostatn\u00e1 sada tesnen\u00ed pre sklo 16,76mm, samostatna sada tesnen\u00ed pre sklo 21,52mm. Dod\u00e1van\u00e9 bez skla!<\/p>\n","protected":false},"excerpt":{"rendered":"<p>Materi\u00e1l: Hlin\u00edk, Povrchov\u00e1 \u00faprava: Natural-ELOX, Glass t: 12,76\/13,52\/16,76\/17,52\/20,52\/20,76\/21,52, Vzh\u013ead: \u010cierna, L: 1000, h: 1000<\/p>\n","protected":false},"featured_media":0,"comment_status":"closed","ping_status":"open","template":"","meta":[],"product_brand":[],"product_cat":[15],"product_tag":[],"class_list":{"0":"post-12331","1":"product","2":"type-product","3":"status-publish","5":"product_cat-uncategorized","7":"first","8":"onbackorder","9":"sale","10":"purchasable","11":"product-type-simple"},"_links":{"self":[{"href":"https:\/\/aramiso-test.verteco.app\/index.php?rest_route=\/wp\/v2\/product\/12331","targetHints":{"allow":["GET"]}}],"collection":[{"href":"https:\/\/aramiso-test.verteco.app\/index.php?rest_route=\/wp\/v2\/product"}],"about":[{"href":"https:\/\/aramiso-test.verteco.app\/index.php?rest_route=\/wp\/v2\/types\/product"}],"replies":[{"embeddable":true,"href":"https:\/\/aramiso-test.verteco.app\/index.php?rest_route=%2Fwp%2Fv2%2Fcomments&post=12331"}],"wp:attachment":[{"href":"https:\/\/aramiso-test.verteco.app\/index.php?rest_route=%2Fwp%2Fv2%2Fmedia&parent=12331"}],"wp:term":[{"taxonomy":"product_brand","embeddable":true,"href":"https:\/\/aramiso-test.verteco.app\/index.php?rest_route=%2Fwp%2Fv2%2Fproduct_brand&post=12331"},{"taxonomy":"product_cat","embeddable":true,"href":"https:\/\/aramiso-test.verteco.app\/index.php?rest_route=%2Fwp%2Fv2%2Fproduct_cat&post=12331"},{"taxonomy":"product_tag","embeddable":true,"href":"https:\/\/aramiso-test.verteco.app\/index.php?rest_route=%2Fwp%2Fv2%2Fproduct_tag&post=12331"}],"curies":[{"name":"wp","href":"https:\/\/api.w.org\/{rel}","templated":true}]}}