{"id":12298,"date":"2025-08-03T12:58:57","date_gmt":"2025-08-03T12:58:57","guid":{"rendered":"https:\/\/aramiso-test.verteco.app\/?product=turniket-pre-znizenu-mobilitu"},"modified":"2025-08-03T12:59:00","modified_gmt":"2025-08-03T12:59:00","slug":"turniket-pre-znizenu-mobilitu","status":"publish","type":"product","link":"https:\/\/aramiso-test.verteco.app\/?product=turniket-pre-znizenu-mobilitu","title":{"rendered":"Turniket pre zn\u00ed\u017een\u00fa mobilitu"},"content":{"rendered":"<p>Turniket vhodn\u00fd pre priechody VIP a priechody s invalidn\u00fdm voz\u00edkom, voz\u00edkom, detsk\u00fdm ko\u010dikom.<\/p>\n","protected":false},"excerpt":{"rendered":"<p>Zna\u010dka: Came<\/p>\n","protected":false},"featured_media":0,"comment_status":"closed","ping_status":"open","template":"","meta":[],"product_brand":[],"product_cat":[15],"product_tag":[],"class_list":{"0":"post-12298","1":"product","2":"type-product","3":"status-publish","5":"product_cat-uncategorized","7":"first","8":"onbackorder","9":"sale","10":"purchasable","11":"product-type-simple"},"_links":{"self":[{"href":"https:\/\/aramiso-test.verteco.app\/index.php?rest_route=\/wp\/v2\/product\/12298","targetHints":{"allow":["GET"]}}],"collection":[{"href":"https:\/\/aramiso-test.verteco.app\/index.php?rest_route=\/wp\/v2\/product"}],"about":[{"href":"https:\/\/aramiso-test.verteco.app\/index.php?rest_route=\/wp\/v2\/types\/product"}],"replies":[{"embeddable":true,"href":"https:\/\/aramiso-test.verteco.app\/index.php?rest_route=%2Fwp%2Fv2%2Fcomments&post=12298"}],"wp:attachment":[{"href":"https:\/\/aramiso-test.verteco.app\/index.php?rest_route=%2Fwp%2Fv2%2Fmedia&parent=12298"}],"wp:term":[{"taxonomy":"product_brand","embeddable":true,"href":"https:\/\/aramiso-test.verteco.app\/index.php?rest_route=%2Fwp%2Fv2%2Fproduct_brand&post=12298"},{"taxonomy":"product_cat","embeddable":true,"href":"https:\/\/aramiso-test.verteco.app\/index.php?rest_route=%2Fwp%2Fv2%2Fproduct_cat&post=12298"},{"taxonomy":"product_tag","embeddable":true,"href":"https:\/\/aramiso-test.verteco.app\/index.php?rest_route=%2Fwp%2Fv2%2Fproduct_tag&post=12298"}],"curies":[{"name":"wp","href":"https:\/\/api.w.org\/{rel}","templated":true}]}}