{"id":12294,"date":"2025-08-03T12:58:32","date_gmt":"2025-08-03T12:58:32","guid":{"rendered":"https:\/\/aramiso-test.verteco.app\/?product=madlo-drziak-skla-priruba-3"},"modified":"2025-08-03T12:58:56","modified_gmt":"2025-08-03T12:58:56","slug":"madlo-drziak-skla-priruba-3","status":"publish","type":"product","link":"https:\/\/aramiso-test.verteco.app\/?product=madlo-drziak-skla-priruba-3","title":{"rendered":"Madlo-dr\u017eiak skla-pr\u00edruba"},"content":{"rendered":"<p>Nerezov\u00e1 pr\u00edruba na madlo na sklo dod\u00e1va z\u00e1bradliam esteticky a dizajnov\u00fd vzh\u013ead. Sl\u00fa\u017ei na ukotvenie madla k povrchu \u010d\u00edm prispieva k stabilite a pevnosti z\u00e1radlia. Kotvenie je dosiahnut\u00e9 pomocou \u0161tyroch otvorov na pr\u00edrube a kotviac\u00edch prvkov.<\/p>\n","protected":false},"excerpt":{"rendered":"<p>Materi\u00e1l: Nerez AISI 316, Povrchov\u00e1 \u00faprava: Brus, Phi sq: 40&#215;40<\/p>\n","protected":false},"featured_media":0,"comment_status":"closed","ping_status":"open","template":"","meta":[],"product_brand":[],"product_cat":[15],"product_tag":[],"class_list":{"0":"post-12294","1":"product","2":"type-product","3":"status-publish","5":"product_cat-uncategorized","7":"first","8":"onbackorder","9":"sale","10":"purchasable","11":"product-type-simple"},"_links":{"self":[{"href":"https:\/\/aramiso-test.verteco.app\/index.php?rest_route=\/wp\/v2\/product\/12294","targetHints":{"allow":["GET"]}}],"collection":[{"href":"https:\/\/aramiso-test.verteco.app\/index.php?rest_route=\/wp\/v2\/product"}],"about":[{"href":"https:\/\/aramiso-test.verteco.app\/index.php?rest_route=\/wp\/v2\/types\/product"}],"replies":[{"embeddable":true,"href":"https:\/\/aramiso-test.verteco.app\/index.php?rest_route=%2Fwp%2Fv2%2Fcomments&post=12294"}],"wp:attachment":[{"href":"https:\/\/aramiso-test.verteco.app\/index.php?rest_route=%2Fwp%2Fv2%2Fmedia&parent=12294"}],"wp:term":[{"taxonomy":"product_brand","embeddable":true,"href":"https:\/\/aramiso-test.verteco.app\/index.php?rest_route=%2Fwp%2Fv2%2Fproduct_brand&post=12294"},{"taxonomy":"product_cat","embeddable":true,"href":"https:\/\/aramiso-test.verteco.app\/index.php?rest_route=%2Fwp%2Fv2%2Fproduct_cat&post=12294"},{"taxonomy":"product_tag","embeddable":true,"href":"https:\/\/aramiso-test.verteco.app\/index.php?rest_route=%2Fwp%2Fv2%2Fproduct_tag&post=12294"}],"curies":[{"name":"wp","href":"https:\/\/api.w.org\/{rel}","templated":true}]}}