{"id":12253,"date":"2025-08-03T12:56:54","date_gmt":"2025-08-03T12:56:54","guid":{"rendered":"https:\/\/aramiso-test.verteco.app\/?product=madlo-drziak-skla-koleno-5"},"modified":"2025-08-03T12:57:10","modified_gmt":"2025-08-03T12:57:10","slug":"madlo-drziak-skla-koleno-5","status":"publish","type":"product","link":"https:\/\/aramiso-test.verteco.app\/?product=madlo-drziak-skla-koleno-5","title":{"rendered":"Madlo-dr\u017eiak skla-koleno"},"content":{"rendered":"<p>Nerezov\u00fd rohov\u00fd dr\u017eiak madla pre celosklenen\u00e9 z\u00e1bradlia sa pou\u017e\u00edva na prechod alebo spojenie medzi dvoma \u010das\u0165ami madla alebo rukov\u00e4te pod uhlom 90\u00b0. Tento druh prechodu sa \u010dasto pou\u017e\u00edva v interi\u00e9rovom dizajne, architekt\u00fare, kde je potrebn\u00e9 ma\u0165 hladk\u00fd a estetick\u00fd prechod medzi dvoma \u010das\u0165ami madla. Jeho hlavnou funkciou nie je len poskytn\u00fa\u0165 hladk\u00fd a spo\u013eahliv\u00fd prechod medzi dvoma \u010das\u0165ami madla, ale aj prida\u0165 estetick\u00fa hodnotu k celkov\u00e9mu vzh\u013eadu kon\u0161trukcie. Sp\u00e1janie madiel pomocou prechodu je jednoduch\u00e9, pre prilnutie materi\u00e1lov a pou\u017e\u00edva lepen\u00fd spoj.<\/p>\n","protected":false},"excerpt":{"rendered":"<p>Materi\u00e1l: Nerez AISI 304, Povrchov\u00e1 \u00faprava: Brus, Madlo: 40x40x1,5, Kotvenie: Na sklo<\/p>\n","protected":false},"featured_media":0,"comment_status":"closed","ping_status":"open","template":"","meta":[],"product_brand":[],"product_cat":[15],"product_tag":[],"class_list":{"0":"post-12253","1":"product","2":"type-product","3":"status-publish","5":"product_cat-uncategorized","7":"first","8":"onbackorder","9":"sale","10":"purchasable","11":"product-type-simple"},"_links":{"self":[{"href":"https:\/\/aramiso-test.verteco.app\/index.php?rest_route=\/wp\/v2\/product\/12253","targetHints":{"allow":["GET"]}}],"collection":[{"href":"https:\/\/aramiso-test.verteco.app\/index.php?rest_route=\/wp\/v2\/product"}],"about":[{"href":"https:\/\/aramiso-test.verteco.app\/index.php?rest_route=\/wp\/v2\/types\/product"}],"replies":[{"embeddable":true,"href":"https:\/\/aramiso-test.verteco.app\/index.php?rest_route=%2Fwp%2Fv2%2Fcomments&post=12253"}],"wp:attachment":[{"href":"https:\/\/aramiso-test.verteco.app\/index.php?rest_route=%2Fwp%2Fv2%2Fmedia&parent=12253"}],"wp:term":[{"taxonomy":"product_brand","embeddable":true,"href":"https:\/\/aramiso-test.verteco.app\/index.php?rest_route=%2Fwp%2Fv2%2Fproduct_brand&post=12253"},{"taxonomy":"product_cat","embeddable":true,"href":"https:\/\/aramiso-test.verteco.app\/index.php?rest_route=%2Fwp%2Fv2%2Fproduct_cat&post=12253"},{"taxonomy":"product_tag","embeddable":true,"href":"https:\/\/aramiso-test.verteco.app\/index.php?rest_route=%2Fwp%2Fv2%2Fproduct_tag&post=12253"}],"curies":[{"name":"wp","href":"https:\/\/api.w.org\/{rel}","templated":true}]}}