{"id":12248,"date":"2025-10-26T12:42:26","date_gmt":"2025-10-26T12:42:26","guid":{"rendered":"https:\/\/aramiso-test.verteco.app\/?product=madlo-drziak-skla-koleno-hlinikove-led"},"modified":"2025-10-26T12:42:29","modified_gmt":"2025-10-26T12:42:29","slug":"madlo-drziak-skla-koleno-hlinikove-led","status":"publish","type":"product","link":"https:\/\/aramiso-test.verteco.app\/?product=madlo-drziak-skla-koleno-hlinikove-led","title":{"rendered":"Madlo-dr\u017eiak skla-koleno hlin\u00edkov\u00e9-LED"},"content":{"rendered":"<p>Koleno hlinikov\u00e9 pre madlo s led podsvieten\u00edm AL\/6920-042-LED-S-E.<\/p>\n","protected":false},"excerpt":{"rendered":"<p>Materi\u00e1l: Hlin\u00edk, Povrchov\u00e1 \u00faprava: Satin-ELOX, Kotvenie: Na sklo, D: 50<\/p>\n","protected":false},"featured_media":0,"comment_status":"closed","ping_status":"open","template":"","meta":[],"product_brand":[],"product_cat":[15],"product_tag":[],"class_list":{"0":"post-12248","1":"product","2":"type-product","3":"status-publish","5":"product_cat-uncategorized","7":"first","8":"instock","9":"sale","10":"purchasable","11":"product-type-simple"},"_links":{"self":[{"href":"https:\/\/aramiso-test.verteco.app\/index.php?rest_route=\/wp\/v2\/product\/12248","targetHints":{"allow":["GET"]}}],"collection":[{"href":"https:\/\/aramiso-test.verteco.app\/index.php?rest_route=\/wp\/v2\/product"}],"about":[{"href":"https:\/\/aramiso-test.verteco.app\/index.php?rest_route=\/wp\/v2\/types\/product"}],"replies":[{"embeddable":true,"href":"https:\/\/aramiso-test.verteco.app\/index.php?rest_route=%2Fwp%2Fv2%2Fcomments&post=12248"}],"wp:attachment":[{"href":"https:\/\/aramiso-test.verteco.app\/index.php?rest_route=%2Fwp%2Fv2%2Fmedia&parent=12248"}],"wp:term":[{"taxonomy":"product_brand","embeddable":true,"href":"https:\/\/aramiso-test.verteco.app\/index.php?rest_route=%2Fwp%2Fv2%2Fproduct_brand&post=12248"},{"taxonomy":"product_cat","embeddable":true,"href":"https:\/\/aramiso-test.verteco.app\/index.php?rest_route=%2Fwp%2Fv2%2Fproduct_cat&post=12248"},{"taxonomy":"product_tag","embeddable":true,"href":"https:\/\/aramiso-test.verteco.app\/index.php?rest_route=%2Fwp%2Fv2%2Fproduct_tag&post=12248"}],"curies":[{"name":"wp","href":"https:\/\/api.w.org\/{rel}","templated":true}]}}