{"id":12230,"date":"2025-08-25T11:28:26","date_gmt":"2025-08-25T11:28:26","guid":{"rendered":"https:\/\/aramiso-test.verteco.app\/?product=trubka-brusena-aisi304-d424x2-15xd125-l1980-3"},"modified":"2025-08-25T11:28:27","modified_gmt":"2025-08-25T11:28:27","slug":"trubka-brusena-aisi304-d424x2-15xd125-l1980-3","status":"publish","type":"product","link":"https:\/\/aramiso-test.verteco.app\/?product=trubka-brusena-aisi304-d424x2-15xd125-l1980-3","title":{"rendered":"Trubka br\u00fasen\u00e1 AISI304, D42,4&#215;2\/15xd12,5\/L1980"},"content":{"rendered":"<p>Materi\u00e1ly s\u00fa dod\u00e1van\u00e9 v \u0161tandardn\u00fdch d\u013a\u017ekach, ktor\u00e9 s\u00fa potrebn\u00e9 prisp\u00f4sobi\u0165 re\u00e1lnej stavebnej situ\u00e1cii.<\/p>\n","protected":false},"excerpt":{"rendered":"<p>Materi\u00e1l: Nerez AISI 304, Povrchov\u00e1 \u00faprava: Brus<\/p>\n","protected":false},"featured_media":0,"comment_status":"closed","ping_status":"open","template":"","meta":[],"product_brand":[],"product_cat":[15],"product_tag":[],"class_list":{"0":"post-12230","1":"product","2":"type-product","3":"status-publish","5":"product_cat-uncategorized","7":"first","8":"instock","9":"sale","10":"purchasable","11":"product-type-simple"},"_links":{"self":[{"href":"https:\/\/aramiso-test.verteco.app\/index.php?rest_route=\/wp\/v2\/product\/12230","targetHints":{"allow":["GET"]}}],"collection":[{"href":"https:\/\/aramiso-test.verteco.app\/index.php?rest_route=\/wp\/v2\/product"}],"about":[{"href":"https:\/\/aramiso-test.verteco.app\/index.php?rest_route=\/wp\/v2\/types\/product"}],"replies":[{"embeddable":true,"href":"https:\/\/aramiso-test.verteco.app\/index.php?rest_route=%2Fwp%2Fv2%2Fcomments&post=12230"}],"wp:attachment":[{"href":"https:\/\/aramiso-test.verteco.app\/index.php?rest_route=%2Fwp%2Fv2%2Fmedia&parent=12230"}],"wp:term":[{"taxonomy":"product_brand","embeddable":true,"href":"https:\/\/aramiso-test.verteco.app\/index.php?rest_route=%2Fwp%2Fv2%2Fproduct_brand&post=12230"},{"taxonomy":"product_cat","embeddable":true,"href":"https:\/\/aramiso-test.verteco.app\/index.php?rest_route=%2Fwp%2Fv2%2Fproduct_cat&post=12230"},{"taxonomy":"product_tag","embeddable":true,"href":"https:\/\/aramiso-test.verteco.app\/index.php?rest_route=%2Fwp%2Fv2%2Fproduct_tag&post=12230"}],"curies":[{"name":"wp","href":"https:\/\/api.w.org\/{rel}","templated":true}]}}