{"id":12226,"date":"2025-08-03T12:56:37","date_gmt":"2025-08-03T12:56:37","guid":{"rendered":"https:\/\/aramiso-test.verteco.app\/?product=trubka-brusena"},"modified":"2025-08-03T12:56:47","modified_gmt":"2025-08-03T12:56:47","slug":"trubka-brusena","status":"publish","type":"product","link":"https:\/\/aramiso-test.verteco.app\/?product=trubka-brusena","title":{"rendered":"Trubka br\u00fasen\u00e1"},"content":{"rendered":"<p>Materi\u00e1ly s\u00fa dod\u00e1van\u00e9 v \u0161tandardn\u00fdch d\u013a\u017ekach, ktor\u00e9 s\u00fa potrebn\u00e9 prisp\u00f4sobi\u0165 re\u00e1lnej stavebnej situ\u00e1cii.<\/p>\n","protected":false},"excerpt":{"rendered":"<p>Materi\u00e1l: Nerez AISI 304, Povrchov\u00e1 \u00faprava: Brus, St\u013apik: D42,4&#215;2, L: 1300, Madlo: D42,4&#215;2, d: 12,5, L1: 56, L2: 132, Phi: 42,4&#215;2,0<\/p>\n","protected":false},"featured_media":0,"comment_status":"closed","ping_status":"open","template":"","meta":[],"product_brand":[],"product_cat":[15],"product_tag":[],"class_list":{"0":"post-12226","1":"product","2":"type-product","3":"status-publish","5":"product_cat-uncategorized","7":"first","8":"onbackorder","9":"sale","10":"purchasable","11":"product-type-simple"},"_links":{"self":[{"href":"https:\/\/aramiso-test.verteco.app\/index.php?rest_route=\/wp\/v2\/product\/12226","targetHints":{"allow":["GET"]}}],"collection":[{"href":"https:\/\/aramiso-test.verteco.app\/index.php?rest_route=\/wp\/v2\/product"}],"about":[{"href":"https:\/\/aramiso-test.verteco.app\/index.php?rest_route=\/wp\/v2\/types\/product"}],"replies":[{"embeddable":true,"href":"https:\/\/aramiso-test.verteco.app\/index.php?rest_route=%2Fwp%2Fv2%2Fcomments&post=12226"}],"wp:attachment":[{"href":"https:\/\/aramiso-test.verteco.app\/index.php?rest_route=%2Fwp%2Fv2%2Fmedia&parent=12226"}],"wp:term":[{"taxonomy":"product_brand","embeddable":true,"href":"https:\/\/aramiso-test.verteco.app\/index.php?rest_route=%2Fwp%2Fv2%2Fproduct_brand&post=12226"},{"taxonomy":"product_cat","embeddable":true,"href":"https:\/\/aramiso-test.verteco.app\/index.php?rest_route=%2Fwp%2Fv2%2Fproduct_cat&post=12226"},{"taxonomy":"product_tag","embeddable":true,"href":"https:\/\/aramiso-test.verteco.app\/index.php?rest_route=%2Fwp%2Fv2%2Fproduct_tag&post=12226"}],"curies":[{"name":"wp","href":"https:\/\/api.w.org\/{rel}","templated":true}]}}