{"id":12217,"date":"2025-08-03T12:56:37","date_gmt":"2025-08-03T12:56:37","guid":{"rendered":"https:\/\/aramiso-test.verteco.app\/?product=pakovy-uzaver-bascules-fe-l235mm"},"modified":"2025-08-03T12:56:38","modified_gmt":"2025-08-03T12:56:38","slug":"pakovy-uzaver-bascules-fe-l235mm","status":"publish","type":"product","link":"https:\/\/aramiso-test.verteco.app\/?product=pakovy-uzaver-bascules-fe-l235mm","title":{"rendered":"P\u00e1kov\u00fd uz\u00e1ver &#8211; BASCULES Fe, L235mm"},"content":{"rendered":"<p>P\u00e1kov\u00fd uz\u00e1ver &#8211; BASCULES, bez povrchovej \u00fapravy. Rozmer tiahla max 15x15mm. Tiahlo nie je s\u00fa\u010das\u0165ou balenia.<\/p>\n","protected":false},"excerpt":{"rendered":"<p>Materi\u00e1l: Oce\u013e, Povrchov\u00e1 \u00faprava: Natural<\/p>\n","protected":false},"featured_media":0,"comment_status":"closed","ping_status":"open","template":"","meta":[],"product_brand":[],"product_cat":[15],"product_tag":[],"class_list":{"0":"post-12217","1":"product","2":"type-product","3":"status-publish","5":"product_cat-uncategorized","7":"first","8":"onbackorder","9":"sale","10":"purchasable","11":"product-type-simple"},"_links":{"self":[{"href":"https:\/\/aramiso-test.verteco.app\/index.php?rest_route=\/wp\/v2\/product\/12217","targetHints":{"allow":["GET"]}}],"collection":[{"href":"https:\/\/aramiso-test.verteco.app\/index.php?rest_route=\/wp\/v2\/product"}],"about":[{"href":"https:\/\/aramiso-test.verteco.app\/index.php?rest_route=\/wp\/v2\/types\/product"}],"replies":[{"embeddable":true,"href":"https:\/\/aramiso-test.verteco.app\/index.php?rest_route=%2Fwp%2Fv2%2Fcomments&post=12217"}],"wp:attachment":[{"href":"https:\/\/aramiso-test.verteco.app\/index.php?rest_route=%2Fwp%2Fv2%2Fmedia&parent=12217"}],"wp:term":[{"taxonomy":"product_brand","embeddable":true,"href":"https:\/\/aramiso-test.verteco.app\/index.php?rest_route=%2Fwp%2Fv2%2Fproduct_brand&post=12217"},{"taxonomy":"product_cat","embeddable":true,"href":"https:\/\/aramiso-test.verteco.app\/index.php?rest_route=%2Fwp%2Fv2%2Fproduct_cat&post=12217"},{"taxonomy":"product_tag","embeddable":true,"href":"https:\/\/aramiso-test.verteco.app\/index.php?rest_route=%2Fwp%2Fv2%2Fproduct_tag&post=12217"}],"curies":[{"name":"wp","href":"https:\/\/api.w.org\/{rel}","templated":true}]}}