{"id":12185,"date":"2025-10-26T12:42:15","date_gmt":"2025-10-26T12:42:15","guid":{"rendered":"https:\/\/aramiso-test.verteco.app\/?product=konzola-pre-nylonovy-hreben-h-01pvc-al-l3m"},"modified":"2025-10-26T12:42:16","modified_gmt":"2025-10-26T12:42:16","slug":"konzola-pre-nylonovy-hreben-h-01pvc-al-l3m","status":"publish","type":"product","link":"https:\/\/aramiso-test.verteco.app\/?product=konzola-pre-nylonovy-hreben-h-01pvc-al-l3m","title":{"rendered":"Konzola pre nylonov\u00fd hrebe\u0148 H\/01PVC-AL, L3m"},"content":{"rendered":"<p>Mont\u00e1\u017ena konzola pre ozuben\u00fd nylonov\u00fd hrebe\u0148 H\/01PVC-AL pre posuvn\u00e9 br\u00e1ny. Materi\u00e1l hlin\u00edk.  D\u013a\u017eka 3m. Bez skrutiek a podlo\u017eiek.<\/p>\n","protected":false},"excerpt":{"rendered":"<p>Materi\u00e1l: Hlin\u00edk, Povrchov\u00e1 \u00faprava: Natural<\/p>\n","protected":false},"featured_media":0,"comment_status":"closed","ping_status":"open","template":"","meta":[],"product_brand":[],"product_cat":[15],"product_tag":[],"class_list":{"0":"post-12185","1":"product","2":"type-product","3":"status-publish","5":"product_cat-uncategorized","7":"first","8":"onbackorder","9":"sale","10":"purchasable","11":"product-type-simple"},"_links":{"self":[{"href":"https:\/\/aramiso-test.verteco.app\/index.php?rest_route=\/wp\/v2\/product\/12185","targetHints":{"allow":["GET"]}}],"collection":[{"href":"https:\/\/aramiso-test.verteco.app\/index.php?rest_route=\/wp\/v2\/product"}],"about":[{"href":"https:\/\/aramiso-test.verteco.app\/index.php?rest_route=\/wp\/v2\/types\/product"}],"replies":[{"embeddable":true,"href":"https:\/\/aramiso-test.verteco.app\/index.php?rest_route=%2Fwp%2Fv2%2Fcomments&post=12185"}],"wp:attachment":[{"href":"https:\/\/aramiso-test.verteco.app\/index.php?rest_route=%2Fwp%2Fv2%2Fmedia&parent=12185"}],"wp:term":[{"taxonomy":"product_brand","embeddable":true,"href":"https:\/\/aramiso-test.verteco.app\/index.php?rest_route=%2Fwp%2Fv2%2Fproduct_brand&post=12185"},{"taxonomy":"product_cat","embeddable":true,"href":"https:\/\/aramiso-test.verteco.app\/index.php?rest_route=%2Fwp%2Fv2%2Fproduct_cat&post=12185"},{"taxonomy":"product_tag","embeddable":true,"href":"https:\/\/aramiso-test.verteco.app\/index.php?rest_route=%2Fwp%2Fv2%2Fproduct_tag&post=12185"}],"curies":[{"name":"wp","href":"https:\/\/api.w.org\/{rel}","templated":true}]}}