{"id":12169,"date":"2025-08-03T12:54:58","date_gmt":"2025-08-03T12:54:58","guid":{"rendered":"https:\/\/aramiso-test.verteco.app\/?product=vozik-nosny-s-jednou-platnou-zn-profile-60x60mm"},"modified":"2025-08-03T12:55:08","modified_gmt":"2025-08-03T12:55:08","slug":"vozik-nosny-s-jednou-platnou-zn-profile-60x60mm","status":"publish","type":"product","link":"https:\/\/aramiso-test.verteco.app\/?product=vozik-nosny-s-jednou-platnou-zn-profile-60x60mm","title":{"rendered":"Voz\u00edk nosn\u00fd s jednou plat\u0148ou Zn, profile 60x60mm"},"content":{"rendered":"","protected":false},"excerpt":{"rendered":"<p>Materi\u00e1l: Oce\u013e, Povrchov\u00e1 \u00faprava: Zinok, Zna\u010dka: Umakov, Rozmerov\u00e1 rada (mm): 60&#215;60, v: 130, A: 165, C: 145, E: 60, F: 13, B: 44, D: 115, d1: 50, d2: 50<\/p>\n","protected":false},"featured_media":0,"comment_status":"closed","ping_status":"open","template":"","meta":[],"product_brand":[],"product_cat":[15],"product_tag":[],"class_list":{"0":"post-12169","1":"product","2":"type-product","3":"status-publish","5":"product_cat-uncategorized","7":"first","8":"onbackorder","9":"sale","10":"purchasable","11":"product-type-simple"},"_links":{"self":[{"href":"https:\/\/aramiso-test.verteco.app\/index.php?rest_route=\/wp\/v2\/product\/12169","targetHints":{"allow":["GET"]}}],"collection":[{"href":"https:\/\/aramiso-test.verteco.app\/index.php?rest_route=\/wp\/v2\/product"}],"about":[{"href":"https:\/\/aramiso-test.verteco.app\/index.php?rest_route=\/wp\/v2\/types\/product"}],"replies":[{"embeddable":true,"href":"https:\/\/aramiso-test.verteco.app\/index.php?rest_route=%2Fwp%2Fv2%2Fcomments&post=12169"}],"wp:attachment":[{"href":"https:\/\/aramiso-test.verteco.app\/index.php?rest_route=%2Fwp%2Fv2%2Fmedia&parent=12169"}],"wp:term":[{"taxonomy":"product_brand","embeddable":true,"href":"https:\/\/aramiso-test.verteco.app\/index.php?rest_route=%2Fwp%2Fv2%2Fproduct_brand&post=12169"},{"taxonomy":"product_cat","embeddable":true,"href":"https:\/\/aramiso-test.verteco.app\/index.php?rest_route=%2Fwp%2Fv2%2Fproduct_cat&post=12169"},{"taxonomy":"product_tag","embeddable":true,"href":"https:\/\/aramiso-test.verteco.app\/index.php?rest_route=%2Fwp%2Fv2%2Fproduct_tag&post=12169"}],"curies":[{"name":"wp","href":"https:\/\/api.w.org\/{rel}","templated":true}]}}