{"id":12163,"date":"2025-08-03T12:54:58","date_gmt":"2025-08-03T12:54:58","guid":{"rendered":"https:\/\/aramiso-test.verteco.app\/?product=vozik-nosny-dvojity-zn-profile-80x80mm"},"modified":"2025-08-03T12:55:05","modified_gmt":"2025-08-03T12:55:05","slug":"vozik-nosny-dvojity-zn-profile-80x80mm","status":"publish","type":"product","link":"https:\/\/aramiso-test.verteco.app\/?product=vozik-nosny-dvojity-zn-profile-80x80mm","title":{"rendered":"Voz\u00edk nosn\u00fd-dvojit\u00fd Zn, profile 80x80mm"},"content":{"rendered":"<p>Zdvojen\u00fd (HEAVY) nosn\u00fd voz\u00edk pre posuvn\u00e9 samonosn\u00e9 br\u00e1ny do profilu H\/02-80&#215;80 Fe\/Zn. Voz\u00edk je v\u00fd\u0161kovo nastavite\u013en\u00fd. Horizont\u00e1lna dvojit\u00e1 plat\u0148a. \u017diarovo zinkovan\u00fd.<\/p>\n","protected":false},"excerpt":{"rendered":"<p>Materi\u00e1l: Oce\u013e, Povrchov\u00e1 \u00faprava: Zinok, Zna\u010dka: Umakov, Rozmerov\u00e1 rada (mm): 80&#215;80<\/p>\n","protected":false},"featured_media":0,"comment_status":"closed","ping_status":"open","template":"","meta":[],"product_brand":[],"product_cat":[15],"product_tag":[],"class_list":{"0":"post-12163","1":"product","2":"type-product","3":"status-publish","5":"product_cat-uncategorized","7":"first","8":"onbackorder","9":"sale","10":"purchasable","11":"product-type-simple"},"_links":{"self":[{"href":"https:\/\/aramiso-test.verteco.app\/index.php?rest_route=\/wp\/v2\/product\/12163","targetHints":{"allow":["GET"]}}],"collection":[{"href":"https:\/\/aramiso-test.verteco.app\/index.php?rest_route=\/wp\/v2\/product"}],"about":[{"href":"https:\/\/aramiso-test.verteco.app\/index.php?rest_route=\/wp\/v2\/types\/product"}],"replies":[{"embeddable":true,"href":"https:\/\/aramiso-test.verteco.app\/index.php?rest_route=%2Fwp%2Fv2%2Fcomments&post=12163"}],"wp:attachment":[{"href":"https:\/\/aramiso-test.verteco.app\/index.php?rest_route=%2Fwp%2Fv2%2Fmedia&parent=12163"}],"wp:term":[{"taxonomy":"product_brand","embeddable":true,"href":"https:\/\/aramiso-test.verteco.app\/index.php?rest_route=%2Fwp%2Fv2%2Fproduct_brand&post=12163"},{"taxonomy":"product_cat","embeddable":true,"href":"https:\/\/aramiso-test.verteco.app\/index.php?rest_route=%2Fwp%2Fv2%2Fproduct_cat&post=12163"},{"taxonomy":"product_tag","embeddable":true,"href":"https:\/\/aramiso-test.verteco.app\/index.php?rest_route=%2Fwp%2Fv2%2Fproduct_tag&post=12163"}],"curies":[{"name":"wp","href":"https:\/\/api.w.org\/{rel}","templated":true}]}}