{"id":12159,"date":"2025-08-03T12:54:58","date_gmt":"2025-08-03T12:54:58","guid":{"rendered":"https:\/\/aramiso-test.verteco.app\/?product=profil-vodiaci-spodny-pozinkovany-zn-8"},"modified":"2025-08-03T12:54:59","modified_gmt":"2025-08-03T12:54:59","slug":"profil-vodiaci-spodny-pozinkovany-zn-8","status":"publish","type":"product","link":"https:\/\/aramiso-test.verteco.app\/?product=profil-vodiaci-spodny-pozinkovany-zn-8","title":{"rendered":"Profil vodiaci spodn\u00fd, pozinkovan\u00fd Zn"},"content":{"rendered":"<p>Vodiaci profil spodn\u00e9ho vedenia pre posuvn\u00e9 samonosn\u00e9 br\u00e1ny, pozinkovan\u00fd. Ur\u010den\u00fd k privareniu, alebo k priskrutkovaniu na r\u00e1m br\u00e1ny. Dod\u00e1van\u00fd v 6 metrov\u00fdch alebo 3 metrov\u00fdch kusoch.<\/p>\n","protected":false},"excerpt":{"rendered":"<p>Materi\u00e1l: Oce\u013e, Povrchov\u00e1 \u00faprava: Zinok, Zna\u010dka: Umakov, L: 6000, a: 94, b: 85, s: 33, t: 5<\/p>\n","protected":false},"featured_media":0,"comment_status":"closed","ping_status":"open","template":"","meta":[],"product_brand":[],"product_cat":[15],"product_tag":[],"class_list":{"0":"post-12159","1":"product","2":"type-product","3":"status-publish","5":"product_cat-uncategorized","7":"first","8":"onbackorder","9":"sale","10":"purchasable","11":"product-type-simple"},"_links":{"self":[{"href":"https:\/\/aramiso-test.verteco.app\/index.php?rest_route=\/wp\/v2\/product\/12159","targetHints":{"allow":["GET"]}}],"collection":[{"href":"https:\/\/aramiso-test.verteco.app\/index.php?rest_route=\/wp\/v2\/product"}],"about":[{"href":"https:\/\/aramiso-test.verteco.app\/index.php?rest_route=\/wp\/v2\/types\/product"}],"replies":[{"embeddable":true,"href":"https:\/\/aramiso-test.verteco.app\/index.php?rest_route=%2Fwp%2Fv2%2Fcomments&post=12159"}],"wp:attachment":[{"href":"https:\/\/aramiso-test.verteco.app\/index.php?rest_route=%2Fwp%2Fv2%2Fmedia&parent=12159"}],"wp:term":[{"taxonomy":"product_brand","embeddable":true,"href":"https:\/\/aramiso-test.verteco.app\/index.php?rest_route=%2Fwp%2Fv2%2Fproduct_brand&post=12159"},{"taxonomy":"product_cat","embeddable":true,"href":"https:\/\/aramiso-test.verteco.app\/index.php?rest_route=%2Fwp%2Fv2%2Fproduct_cat&post=12159"},{"taxonomy":"product_tag","embeddable":true,"href":"https:\/\/aramiso-test.verteco.app\/index.php?rest_route=%2Fwp%2Fv2%2Fproduct_tag&post=12159"}],"curies":[{"name":"wp","href":"https:\/\/api.w.org\/{rel}","templated":true}]}}