{"id":12151,"date":"2025-10-26T12:42:10","date_gmt":"2025-10-26T12:42:10","guid":{"rendered":"https:\/\/aramiso-test.verteco.app\/?product=profil-vodiaci-spodny-pozinkovany-zn-5"},"modified":"2025-10-26T12:42:11","modified_gmt":"2025-10-26T12:42:11","slug":"profil-vodiaci-spodny-pozinkovany-zn-5","status":"publish","type":"product","link":"https:\/\/aramiso-test.verteco.app\/?product=profil-vodiaci-spodny-pozinkovany-zn-5","title":{"rendered":"Profil vodiaci spodn\u00fd, pozinkovan\u00fd Zn"},"content":{"rendered":"<p>Vodiaci profil spodn\u00e9ho vedenia pre posuvn\u00e9 samonosn\u00e9 br\u00e1ny, pozinkovan\u00fd. Ur\u010den\u00fd k privareniu, alebo k priskrutkovaniu na r\u00e1m br\u00e1ny.<br \/>\nNadrozmern\u00fd tovar, neposielame prepravnou slu\u017ebou, iba osobn\u00fd odber na predajni.<\/p>\n","protected":false},"excerpt":{"rendered":"<p>Materi\u00e1l: Oce\u013e, Povrchov\u00e1 \u00faprava: Zinok, Zna\u010dka: Umakov, Rozmerov\u00e1 rada (mm): 60&#215;60, L: 7000, a: 60, b: 60, s: 15, t: 4<\/p>\n","protected":false},"featured_media":0,"comment_status":"closed","ping_status":"open","template":"","meta":[],"product_brand":[],"product_cat":[15],"product_tag":[],"class_list":{"0":"post-12151","1":"product","2":"type-product","3":"status-publish","5":"product_cat-uncategorized","7":"first","8":"instock","9":"sale","10":"purchasable","11":"product-type-simple"},"_links":{"self":[{"href":"https:\/\/aramiso-test.verteco.app\/index.php?rest_route=\/wp\/v2\/product\/12151","targetHints":{"allow":["GET"]}}],"collection":[{"href":"https:\/\/aramiso-test.verteco.app\/index.php?rest_route=\/wp\/v2\/product"}],"about":[{"href":"https:\/\/aramiso-test.verteco.app\/index.php?rest_route=\/wp\/v2\/types\/product"}],"replies":[{"embeddable":true,"href":"https:\/\/aramiso-test.verteco.app\/index.php?rest_route=%2Fwp%2Fv2%2Fcomments&post=12151"}],"wp:attachment":[{"href":"https:\/\/aramiso-test.verteco.app\/index.php?rest_route=%2Fwp%2Fv2%2Fmedia&parent=12151"}],"wp:term":[{"taxonomy":"product_brand","embeddable":true,"href":"https:\/\/aramiso-test.verteco.app\/index.php?rest_route=%2Fwp%2Fv2%2Fproduct_brand&post=12151"},{"taxonomy":"product_cat","embeddable":true,"href":"https:\/\/aramiso-test.verteco.app\/index.php?rest_route=%2Fwp%2Fv2%2Fproduct_cat&post=12151"},{"taxonomy":"product_tag","embeddable":true,"href":"https:\/\/aramiso-test.verteco.app\/index.php?rest_route=%2Fwp%2Fv2%2Fproduct_tag&post=12151"}],"curies":[{"name":"wp","href":"https:\/\/api.w.org\/{rel}","templated":true}]}}