{"id":12133,"date":"2025-10-26T12:42:02","date_gmt":"2025-10-26T12:42:02","guid":{"rendered":"https:\/\/aramiso-test.verteco.app\/?product=profil-vodiaci-spodny-inox-76x76x3mm-l3m"},"modified":"2025-10-26T12:42:05","modified_gmt":"2025-10-26T12:42:05","slug":"profil-vodiaci-spodny-inox-76x76x3mm-l3m","status":"publish","type":"product","link":"https:\/\/aramiso-test.verteco.app\/?product=profil-vodiaci-spodny-inox-76x76x3mm-l3m","title":{"rendered":"Profil vodiaci spodn\u00fd INOX, 76x76x3mm, L3m"},"content":{"rendered":"<p>Nerezov\u00fd vodiaci profil spodn\u00e9ho vedenia pre posuvn\u00e9 samonosn\u00e9 br\u00e1ny bez povrchovej \u00fapravy, rozmer 76x76x3mm, ur\u010den\u00fd k privareniu, alebo k priskrutkovaniu na r\u00e1m br\u00e1ny. Dod\u00e1van\u00fd v 3m kusoch.<\/p>\n","protected":false},"excerpt":{"rendered":"<p>Materi\u00e1l: Nerez AISI 304, Povrchov\u00e1 \u00faprava: Natural, Rozmerov\u00e1 rada (mm): 80&#215;80, L: 3000, a: 76, b: 76, s: 20, t: 3<\/p>\n","protected":false},"featured_media":0,"comment_status":"closed","ping_status":"open","template":"","meta":[],"product_brand":[],"product_cat":[15],"product_tag":[],"class_list":{"0":"post-12133","1":"product","2":"type-product","3":"status-publish","5":"product_cat-uncategorized","7":"first","8":"instock","9":"sale","10":"purchasable","11":"product-type-simple"},"_links":{"self":[{"href":"https:\/\/aramiso-test.verteco.app\/index.php?rest_route=\/wp\/v2\/product\/12133","targetHints":{"allow":["GET"]}}],"collection":[{"href":"https:\/\/aramiso-test.verteco.app\/index.php?rest_route=\/wp\/v2\/product"}],"about":[{"href":"https:\/\/aramiso-test.verteco.app\/index.php?rest_route=\/wp\/v2\/types\/product"}],"replies":[{"embeddable":true,"href":"https:\/\/aramiso-test.verteco.app\/index.php?rest_route=%2Fwp%2Fv2%2Fcomments&post=12133"}],"wp:attachment":[{"href":"https:\/\/aramiso-test.verteco.app\/index.php?rest_route=%2Fwp%2Fv2%2Fmedia&parent=12133"}],"wp:term":[{"taxonomy":"product_brand","embeddable":true,"href":"https:\/\/aramiso-test.verteco.app\/index.php?rest_route=%2Fwp%2Fv2%2Fproduct_brand&post=12133"},{"taxonomy":"product_cat","embeddable":true,"href":"https:\/\/aramiso-test.verteco.app\/index.php?rest_route=%2Fwp%2Fv2%2Fproduct_cat&post=12133"},{"taxonomy":"product_tag","embeddable":true,"href":"https:\/\/aramiso-test.verteco.app\/index.php?rest_route=%2Fwp%2Fv2%2Fproduct_tag&post=12133"}],"curies":[{"name":"wp","href":"https:\/\/api.w.org\/{rel}","templated":true}]}}