{"id":12127,"date":"2025-10-26T12:40:53","date_gmt":"2025-10-26T12:40:53","guid":{"rendered":"https:\/\/aramiso-test.verteco.app\/?product=ocel-profilova-u-profil-40x40x3mm-l3m"},"modified":"2025-10-26T12:41:00","modified_gmt":"2025-10-26T12:41:00","slug":"ocel-profilova-u-profil-40x40x3mm-l3m","status":"publish","type":"product","link":"https:\/\/aramiso-test.verteco.app\/?product=ocel-profilova-u-profil-40x40x3mm-l3m","title":{"rendered":"Oce\u013e. profilov\u00e1 U-profil 40x40x3mm L3m"},"content":{"rendered":"<p>Tenkostenn\u00fd profil oce\u013eov\u00fd otvoren\u00fd s prierezom &#8220;U&#8221;<br \/>\nVyroben\u00e9 z kon\u0161truk\u010dn\u00fdch ocel\u00ed tr. 11<br \/>\nValcovan\u00e9 za tepla<br \/>\nD\u013a\u017eky profilov: 3 m<br \/>\nSTN 42 6952<\/p>\n","protected":false},"excerpt":{"rendered":"<p>Materi\u00e1l: Oce\u013e, Povrchov\u00e1 \u00faprava: Natural, Tvar prierezu: U &#8211; profil, L: 3000, t: 3, b: 40, h: 40<\/p>\n","protected":false},"featured_media":0,"comment_status":"closed","ping_status":"open","template":"","meta":[],"product_brand":[],"product_cat":[15],"product_tag":[],"class_list":{"0":"post-12127","1":"product","2":"type-product","3":"status-publish","5":"product_cat-uncategorized","7":"first","8":"instock","9":"sale","10":"purchasable","11":"product-type-simple"},"_links":{"self":[{"href":"https:\/\/aramiso-test.verteco.app\/index.php?rest_route=\/wp\/v2\/product\/12127","targetHints":{"allow":["GET"]}}],"collection":[{"href":"https:\/\/aramiso-test.verteco.app\/index.php?rest_route=\/wp\/v2\/product"}],"about":[{"href":"https:\/\/aramiso-test.verteco.app\/index.php?rest_route=\/wp\/v2\/types\/product"}],"replies":[{"embeddable":true,"href":"https:\/\/aramiso-test.verteco.app\/index.php?rest_route=%2Fwp%2Fv2%2Fcomments&post=12127"}],"wp:attachment":[{"href":"https:\/\/aramiso-test.verteco.app\/index.php?rest_route=%2Fwp%2Fv2%2Fmedia&parent=12127"}],"wp:term":[{"taxonomy":"product_brand","embeddable":true,"href":"https:\/\/aramiso-test.verteco.app\/index.php?rest_route=%2Fwp%2Fv2%2Fproduct_brand&post=12127"},{"taxonomy":"product_cat","embeddable":true,"href":"https:\/\/aramiso-test.verteco.app\/index.php?rest_route=%2Fwp%2Fv2%2Fproduct_cat&post=12127"},{"taxonomy":"product_tag","embeddable":true,"href":"https:\/\/aramiso-test.verteco.app\/index.php?rest_route=%2Fwp%2Fv2%2Fproduct_tag&post=12127"}],"curies":[{"name":"wp","href":"https:\/\/api.w.org\/{rel}","templated":true}]}}