{"id":12109,"date":"2025-10-26T12:40:48","date_gmt":"2025-10-26T12:40:48","guid":{"rendered":"https:\/\/aramiso-test.verteco.app\/?product=pant-pre-sklenene-dvere-stena-sklo-90stup-fle-2"},"modified":"2025-10-26T12:40:52","modified_gmt":"2025-10-26T12:40:52","slug":"pant-pre-sklenene-dvere-stena-sklo-90stup-fle-2","status":"publish","type":"product","link":"https:\/\/aramiso-test.verteco.app\/?product=pant-pre-sklenene-dvere-stena-sklo-90stup-fle-2","title":{"rendered":"P\u00e1nt pre sklenen\u00e9 dvere stena\/sklo +\/- 90stup fle"},"content":{"rendered":"<p>Mo\u017enos\u0165 nastavenia v\u00fdchodiskovej polohy dver\u00ed v rozsahu \u00b1 20\u00b0<\/p>\n","protected":false},"excerpt":{"rendered":"<p>Materi\u00e1l: Mosadz, Povrchov\u00e1 \u00faprava: Lesk, Glass t: 8-10, V\u00fdpl\u0148: Sklo, Gmax(kg)\/2pcs: 45, Kotvenie: Na stenu, Funkcia nulov\u00e9ho bodu: \u00b1 20\u00b0, Funkcia samozatv\u00e1rania: +-25\u00b0, Funkcia stop: +-90\u00b0\/0\u00b0, Otvor v skle: \u00c1no<\/p>\n","protected":false},"featured_media":0,"comment_status":"closed","ping_status":"open","template":"","meta":[],"product_brand":[],"product_cat":[15],"product_tag":[],"class_list":{"0":"post-12109","1":"product","2":"type-product","3":"status-publish","5":"product_cat-uncategorized","7":"first","8":"instock","9":"sale","10":"purchasable","11":"product-type-simple"},"_links":{"self":[{"href":"https:\/\/aramiso-test.verteco.app\/index.php?rest_route=\/wp\/v2\/product\/12109","targetHints":{"allow":["GET"]}}],"collection":[{"href":"https:\/\/aramiso-test.verteco.app\/index.php?rest_route=\/wp\/v2\/product"}],"about":[{"href":"https:\/\/aramiso-test.verteco.app\/index.php?rest_route=\/wp\/v2\/types\/product"}],"replies":[{"embeddable":true,"href":"https:\/\/aramiso-test.verteco.app\/index.php?rest_route=%2Fwp%2Fv2%2Fcomments&post=12109"}],"wp:attachment":[{"href":"https:\/\/aramiso-test.verteco.app\/index.php?rest_route=%2Fwp%2Fv2%2Fmedia&parent=12109"}],"wp:term":[{"taxonomy":"product_brand","embeddable":true,"href":"https:\/\/aramiso-test.verteco.app\/index.php?rest_route=%2Fwp%2Fv2%2Fproduct_brand&post=12109"},{"taxonomy":"product_cat","embeddable":true,"href":"https:\/\/aramiso-test.verteco.app\/index.php?rest_route=%2Fwp%2Fv2%2Fproduct_cat&post=12109"},{"taxonomy":"product_tag","embeddable":true,"href":"https:\/\/aramiso-test.verteco.app\/index.php?rest_route=%2Fwp%2Fv2%2Fproduct_tag&post=12109"}],"curies":[{"name":"wp","href":"https:\/\/api.w.org\/{rel}","templated":true}]}}