{"id":12085,"date":"2025-08-03T12:54:14","date_gmt":"2025-08-03T12:54:14","guid":{"rendered":"https:\/\/aramiso-test.verteco.app\/?product=lista-dorazova-hladka-270x50x3mm"},"modified":"2025-08-03T12:54:20","modified_gmt":"2025-08-03T12:54:20","slug":"lista-dorazova-hladka-270x50x3mm","status":"publish","type":"product","link":"https:\/\/aramiso-test.verteco.app\/?product=lista-dorazova-hladka-270x50x3mm","title":{"rendered":"Li\u0161ta dorazov\u00e1 &#8211; hladk\u00e1, 270x50x3mm"},"content":{"rendered":"<p>Dorazov\u00e1 li\u0161ta hladk\u00e1 pre br\u00e1nku, rozmery: dl\u017eka 270mm,\u0161irka 50mm,hr\u00fabka 3mm, material &#8211; oce\u013e bez povrchovej \u00fapravy.<\/p>\n","protected":false},"excerpt":{"rendered":"<p>Materi\u00e1l: Oce\u013e, Povrchov\u00e1 \u00faprava: Natural<\/p>\n","protected":false},"featured_media":0,"comment_status":"closed","ping_status":"open","template":"","meta":[],"product_brand":[],"product_cat":[15],"product_tag":[],"class_list":{"0":"post-12085","1":"product","2":"type-product","3":"status-publish","5":"product_cat-uncategorized","7":"first","8":"onbackorder","9":"purchasable","10":"product-type-simple"},"_links":{"self":[{"href":"https:\/\/aramiso-test.verteco.app\/index.php?rest_route=\/wp\/v2\/product\/12085","targetHints":{"allow":["GET"]}}],"collection":[{"href":"https:\/\/aramiso-test.verteco.app\/index.php?rest_route=\/wp\/v2\/product"}],"about":[{"href":"https:\/\/aramiso-test.verteco.app\/index.php?rest_route=\/wp\/v2\/types\/product"}],"replies":[{"embeddable":true,"href":"https:\/\/aramiso-test.verteco.app\/index.php?rest_route=%2Fwp%2Fv2%2Fcomments&post=12085"}],"wp:attachment":[{"href":"https:\/\/aramiso-test.verteco.app\/index.php?rest_route=%2Fwp%2Fv2%2Fmedia&parent=12085"}],"wp:term":[{"taxonomy":"product_brand","embeddable":true,"href":"https:\/\/aramiso-test.verteco.app\/index.php?rest_route=%2Fwp%2Fv2%2Fproduct_brand&post=12085"},{"taxonomy":"product_cat","embeddable":true,"href":"https:\/\/aramiso-test.verteco.app\/index.php?rest_route=%2Fwp%2Fv2%2Fproduct_cat&post=12085"},{"taxonomy":"product_tag","embeddable":true,"href":"https:\/\/aramiso-test.verteco.app\/index.php?rest_route=%2Fwp%2Fv2%2Fproduct_tag&post=12085"}],"curies":[{"name":"wp","href":"https:\/\/api.w.org\/{rel}","templated":true}]}}