{"id":12083,"date":"2025-10-26T12:40:48","date_gmt":"2025-10-26T12:40:48","guid":{"rendered":"https:\/\/aramiso-test.verteco.app\/?product=adapter-pre-kruhovy-stlpik-na-upevnenie-zamku"},"modified":"2025-10-26T12:40:49","modified_gmt":"2025-10-26T12:40:49","slug":"adapter-pre-kruhovy-stlpik-na-upevnenie-zamku","status":"publish","type":"product","link":"https:\/\/aramiso-test.verteco.app\/?product=adapter-pre-kruhovy-stlpik-na-upevnenie-zamku","title":{"rendered":"Adapt\u00e9r pre kruhov\u00fd st\u013apik na upevnenie z\u00e1mku"},"content":{"rendered":"<p>PVC adapt\u00e9r pre kruhov\u00fd st\u013apik na upevnenie z\u00e1mku.<br \/>\nToto prisp\u00f4sobenie je vhodn\u00e9 pre okr\u00fahle st\u013apiky s priemerom 40\u00f760 mm.<\/p>\n","protected":false},"excerpt":{"rendered":"<p>Materi\u00e1l: PVC, Povrchov\u00e1 \u00faprava: Natural<\/p>\n","protected":false},"featured_media":0,"comment_status":"closed","ping_status":"open","template":"","meta":[],"product_brand":[],"product_cat":[15],"product_tag":[],"class_list":{"0":"post-12083","1":"product","2":"type-product","3":"status-publish","5":"product_cat-uncategorized","7":"first","8":"instock","9":"sale","10":"purchasable","11":"product-type-simple"},"_links":{"self":[{"href":"https:\/\/aramiso-test.verteco.app\/index.php?rest_route=\/wp\/v2\/product\/12083","targetHints":{"allow":["GET"]}}],"collection":[{"href":"https:\/\/aramiso-test.verteco.app\/index.php?rest_route=\/wp\/v2\/product"}],"about":[{"href":"https:\/\/aramiso-test.verteco.app\/index.php?rest_route=\/wp\/v2\/types\/product"}],"replies":[{"embeddable":true,"href":"https:\/\/aramiso-test.verteco.app\/index.php?rest_route=%2Fwp%2Fv2%2Fcomments&post=12083"}],"wp:attachment":[{"href":"https:\/\/aramiso-test.verteco.app\/index.php?rest_route=%2Fwp%2Fv2%2Fmedia&parent=12083"}],"wp:term":[{"taxonomy":"product_brand","embeddable":true,"href":"https:\/\/aramiso-test.verteco.app\/index.php?rest_route=%2Fwp%2Fv2%2Fproduct_brand&post=12083"},{"taxonomy":"product_cat","embeddable":true,"href":"https:\/\/aramiso-test.verteco.app\/index.php?rest_route=%2Fwp%2Fv2%2Fproduct_cat&post=12083"},{"taxonomy":"product_tag","embeddable":true,"href":"https:\/\/aramiso-test.verteco.app\/index.php?rest_route=%2Fwp%2Fv2%2Fproduct_tag&post=12083"}],"curies":[{"name":"wp","href":"https:\/\/api.w.org\/{rel}","templated":true}]}}