{"id":12052,"date":"2025-10-26T12:40:29","date_gmt":"2025-10-26T12:40:29","guid":{"rendered":"https:\/\/aramiso-test.verteco.app\/?product=koliesko-nylonove-s-loziskom-inox"},"modified":"2025-10-26T12:40:32","modified_gmt":"2025-10-26T12:40:32","slug":"koliesko-nylonove-s-loziskom-inox","status":"publish","type":"product","link":"https:\/\/aramiso-test.verteco.app\/?product=koliesko-nylonove-s-loziskom-inox","title":{"rendered":"Koliesko-nylonov\u00e9 s lo\u017eiskom, INOX,"},"content":{"rendered":"","protected":false},"excerpt":{"rendered":"<p>Materi\u00e1l: Nerez AISI 304\/Nylon, Povrchov\u00e1 \u00faprava: Natural, Zna\u010dka: Umakov<\/p>\n","protected":false},"featured_media":0,"comment_status":"closed","ping_status":"open","template":"","meta":[],"product_brand":[],"product_cat":[15],"product_tag":[],"class_list":{"0":"post-12052","1":"product","2":"type-product","3":"status-publish","5":"product_cat-uncategorized","7":"first","8":"onbackorder","9":"sale","10":"purchasable","11":"product-type-simple"},"_links":{"self":[{"href":"https:\/\/aramiso-test.verteco.app\/index.php?rest_route=\/wp\/v2\/product\/12052","targetHints":{"allow":["GET"]}}],"collection":[{"href":"https:\/\/aramiso-test.verteco.app\/index.php?rest_route=\/wp\/v2\/product"}],"about":[{"href":"https:\/\/aramiso-test.verteco.app\/index.php?rest_route=\/wp\/v2\/types\/product"}],"replies":[{"embeddable":true,"href":"https:\/\/aramiso-test.verteco.app\/index.php?rest_route=%2Fwp%2Fv2%2Fcomments&post=12052"}],"wp:attachment":[{"href":"https:\/\/aramiso-test.verteco.app\/index.php?rest_route=%2Fwp%2Fv2%2Fmedia&parent=12052"}],"wp:term":[{"taxonomy":"product_brand","embeddable":true,"href":"https:\/\/aramiso-test.verteco.app\/index.php?rest_route=%2Fwp%2Fv2%2Fproduct_brand&post=12052"},{"taxonomy":"product_cat","embeddable":true,"href":"https:\/\/aramiso-test.verteco.app\/index.php?rest_route=%2Fwp%2Fv2%2Fproduct_cat&post=12052"},{"taxonomy":"product_tag","embeddable":true,"href":"https:\/\/aramiso-test.verteco.app\/index.php?rest_route=%2Fwp%2Fv2%2Fproduct_tag&post=12052"}],"curies":[{"name":"wp","href":"https:\/\/api.w.org\/{rel}","templated":true}]}}