{"id":11996,"date":"2025-08-03T12:52:32","date_gmt":"2025-08-03T12:52:32","guid":{"rendered":"https:\/\/aramiso-test.verteco.app\/?product=zarubnovy-profil-pre-sklenene-dvere-u-75-105-set"},"modified":"2025-08-03T12:52:32","modified_gmt":"2025-08-03T12:52:32","slug":"zarubnovy-profil-pre-sklenene-dvere-u-75-105-set","status":"publish","type":"product","link":"https:\/\/aramiso-test.verteco.app\/?product=zarubnovy-profil-pre-sklenene-dvere-u-75-105-set","title":{"rendered":"Z\u00e1rub\u0148ov\u00fd profil pre sklenen\u00e9 dvere &#8220;U&#8221; 75-105 SET"},"content":{"rendered":"<p>2300x2300x1300mm &#8211; pripraven\u00fd na in\u0161tal\u00e1ciu<\/p>\n<p>Sada obsahuje:<br \/>\n1. Zadn\u00fd profil &#8211; 6 m<br \/>\n2. Predn\u00fd profil &#8211; 6 m<br \/>\n3. Di\u0161tan\u010dn\u00fd prvok, \u0161\u00edrka 100 mm &#8211; 1,3 + 2,3 + 2,3 m<br \/>\n4. Rohov\u00e9 uholn\u00edky &#8211; 4x<br \/>\n5. Tesnenie dver\u00ed &#8211; 6 m<br \/>\n6. rohov\u00e9 rezy 45\u00b0<\/p>\n","protected":false},"excerpt":{"rendered":"<p>Materi\u00e1l: Hlin\u00edk, Povrchov\u00e1 \u00faprava: Eloxovan\u00fd, Kotvenie: Na stenu<\/p>\n","protected":false},"featured_media":0,"comment_status":"closed","ping_status":"open","template":"","meta":[],"product_brand":[],"product_cat":[15],"product_tag":[],"class_list":{"0":"post-11996","1":"product","2":"type-product","3":"status-publish","5":"product_cat-uncategorized","7":"first","8":"instock","9":"sale","10":"purchasable","11":"product-type-simple"},"_links":{"self":[{"href":"https:\/\/aramiso-test.verteco.app\/index.php?rest_route=\/wp\/v2\/product\/11996","targetHints":{"allow":["GET"]}}],"collection":[{"href":"https:\/\/aramiso-test.verteco.app\/index.php?rest_route=\/wp\/v2\/product"}],"about":[{"href":"https:\/\/aramiso-test.verteco.app\/index.php?rest_route=\/wp\/v2\/types\/product"}],"replies":[{"embeddable":true,"href":"https:\/\/aramiso-test.verteco.app\/index.php?rest_route=%2Fwp%2Fv2%2Fcomments&post=11996"}],"wp:attachment":[{"href":"https:\/\/aramiso-test.verteco.app\/index.php?rest_route=%2Fwp%2Fv2%2Fmedia&parent=11996"}],"wp:term":[{"taxonomy":"product_brand","embeddable":true,"href":"https:\/\/aramiso-test.verteco.app\/index.php?rest_route=%2Fwp%2Fv2%2Fproduct_brand&post=11996"},{"taxonomy":"product_cat","embeddable":true,"href":"https:\/\/aramiso-test.verteco.app\/index.php?rest_route=%2Fwp%2Fv2%2Fproduct_cat&post=11996"},{"taxonomy":"product_tag","embeddable":true,"href":"https:\/\/aramiso-test.verteco.app\/index.php?rest_route=%2Fwp%2Fv2%2Fproduct_tag&post=11996"}],"curies":[{"name":"wp","href":"https:\/\/api.w.org\/{rel}","templated":true}]}}