{"id":11992,"date":"2025-08-03T12:52:21","date_gmt":"2025-08-03T12:52:21","guid":{"rendered":"https:\/\/aramiso-test.verteco.app\/?product=zarubnovy-profil-pre-sklenene-dvere-l"},"modified":"2025-08-03T12:52:31","modified_gmt":"2025-08-03T12:52:31","slug":"zarubnovy-profil-pre-sklenene-dvere-l","status":"publish","type":"product","link":"https:\/\/aramiso-test.verteco.app\/?product=zarubnovy-profil-pre-sklenene-dvere-l","title":{"rendered":"Z\u00e1rub\u0148ov\u00fd profil pre sklenen\u00e9 dvere &#8220;L&#8221;"},"content":{"rendered":"<p>Set obsahuje profil, tesnenie, spojky 4&#215;90\u00b0 + skrutky = pripraven\u00e9 k mont\u00e1\u017ei, rohov\u00e9 rezy 45\u00b0<\/p>\n","protected":false},"excerpt":{"rendered":"<p>Materi\u00e1l: Hlin\u00edk, Povrchov\u00e1 \u00faprava: Eloxovan\u00fd, L: 2500x900x2500, Kotvenie: Na stenu<\/p>\n","protected":false},"featured_media":0,"comment_status":"closed","ping_status":"open","template":"","meta":[],"product_brand":[],"product_cat":[15],"product_tag":[],"class_list":{"0":"post-11992","1":"product","2":"type-product","3":"status-publish","5":"product_cat-uncategorized","7":"first","8":"onbackorder","9":"sale","10":"purchasable","11":"product-type-simple"},"_links":{"self":[{"href":"https:\/\/aramiso-test.verteco.app\/index.php?rest_route=\/wp\/v2\/product\/11992","targetHints":{"allow":["GET"]}}],"collection":[{"href":"https:\/\/aramiso-test.verteco.app\/index.php?rest_route=\/wp\/v2\/product"}],"about":[{"href":"https:\/\/aramiso-test.verteco.app\/index.php?rest_route=\/wp\/v2\/types\/product"}],"replies":[{"embeddable":true,"href":"https:\/\/aramiso-test.verteco.app\/index.php?rest_route=%2Fwp%2Fv2%2Fcomments&post=11992"}],"wp:attachment":[{"href":"https:\/\/aramiso-test.verteco.app\/index.php?rest_route=%2Fwp%2Fv2%2Fmedia&parent=11992"}],"wp:term":[{"taxonomy":"product_brand","embeddable":true,"href":"https:\/\/aramiso-test.verteco.app\/index.php?rest_route=%2Fwp%2Fv2%2Fproduct_brand&post=11992"},{"taxonomy":"product_cat","embeddable":true,"href":"https:\/\/aramiso-test.verteco.app\/index.php?rest_route=%2Fwp%2Fv2%2Fproduct_cat&post=11992"},{"taxonomy":"product_tag","embeddable":true,"href":"https:\/\/aramiso-test.verteco.app\/index.php?rest_route=%2Fwp%2Fv2%2Fproduct_tag&post=11992"}],"curies":[{"name":"wp","href":"https:\/\/api.w.org\/{rel}","templated":true}]}}