{"id":11991,"date":"2025-08-03T12:52:21","date_gmt":"2025-08-03T12:52:21","guid":{"rendered":"https:\/\/aramiso-test.verteco.app\/?product=dverny-ram-pre-sklenene-dvere-pant"},"modified":"2025-08-03T12:52:30","modified_gmt":"2025-08-03T12:52:30","slug":"dverny-ram-pre-sklenene-dvere-pant","status":"publish","type":"product","link":"https:\/\/aramiso-test.verteco.app\/?product=dverny-ram-pre-sklenene-dvere-pant","title":{"rendered":"Dvern\u00fd r\u00e1m pre sklenen\u00e9 dvere + p\u00e1nt"},"content":{"rendered":"<ol>\n<li>Horizont\u00e1lny profil (hore\/dole) &#8211; 1x2m<\/li>\n<li>Vertik\u00e1lny profil (bo\u010dn\u00fd) &#8211; 2x3m<\/li>\n<li>Rohov\u00e9 spojenie profilov &#8211; 1 sada.<\/li>\n<li>P\u00e1nty na upevnenie hlin\u00edkovej z\u00e1rubne k z\u00e1rubni &#8211; 1 sada.<\/li>\n<\/ol>\n","protected":false},"excerpt":{"rendered":"<p>Materi\u00e1l: Hlin\u00edk, Povrchov\u00e1 \u00faprava: Eloxovan\u00fd, Glass t: 8, L: 3000, Hmotnos\u0165 kr\u00eddla (odpor\u00fa\u010dan\u00e1): 60kg, H: 1000<\/p>\n","protected":false},"featured_media":0,"comment_status":"closed","ping_status":"open","template":"","meta":[],"product_brand":[],"product_cat":[15],"product_tag":[],"class_list":{"0":"post-11991","1":"product","2":"type-product","3":"status-publish","5":"product_cat-uncategorized","7":"first","8":"instock","9":"sale","10":"purchasable","11":"product-type-simple"},"_links":{"self":[{"href":"https:\/\/aramiso-test.verteco.app\/index.php?rest_route=\/wp\/v2\/product\/11991","targetHints":{"allow":["GET"]}}],"collection":[{"href":"https:\/\/aramiso-test.verteco.app\/index.php?rest_route=\/wp\/v2\/product"}],"about":[{"href":"https:\/\/aramiso-test.verteco.app\/index.php?rest_route=\/wp\/v2\/types\/product"}],"replies":[{"embeddable":true,"href":"https:\/\/aramiso-test.verteco.app\/index.php?rest_route=%2Fwp%2Fv2%2Fcomments&post=11991"}],"wp:attachment":[{"href":"https:\/\/aramiso-test.verteco.app\/index.php?rest_route=%2Fwp%2Fv2%2Fmedia&parent=11991"}],"wp:term":[{"taxonomy":"product_brand","embeddable":true,"href":"https:\/\/aramiso-test.verteco.app\/index.php?rest_route=%2Fwp%2Fv2%2Fproduct_brand&post=11991"},{"taxonomy":"product_cat","embeddable":true,"href":"https:\/\/aramiso-test.verteco.app\/index.php?rest_route=%2Fwp%2Fv2%2Fproduct_cat&post=11991"},{"taxonomy":"product_tag","embeddable":true,"href":"https:\/\/aramiso-test.verteco.app\/index.php?rest_route=%2Fwp%2Fv2%2Fproduct_tag&post=11991"}],"curies":[{"name":"wp","href":"https:\/\/api.w.org\/{rel}","templated":true}]}}