{"id":11968,"date":"2025-08-03T12:52:03","date_gmt":"2025-08-03T12:52:03","guid":{"rendered":"https:\/\/aramiso-test.verteco.app\/?product=zaves-pre-sklenene-dvere-sklo-sklo-90stup-ais-2"},"modified":"2025-08-03T12:52:18","modified_gmt":"2025-08-03T12:52:18","slug":"zaves-pre-sklenene-dvere-sklo-sklo-90stup-ais-2","status":"publish","type":"product","link":"https:\/\/aramiso-test.verteco.app\/?product=zaves-pre-sklenene-dvere-sklo-sklo-90stup-ais-2","title":{"rendered":"Z\u00e1ves pre sklenen\u00e9 dvere sklo\/sklo +\/- 90stup. AIS"},"content":{"rendered":"","protected":false},"excerpt":{"rendered":"<p>Materi\u00e1l: Nerez AISI 304, Povrchov\u00e1 \u00faprava: Lesk, Glass t: 8-10, V\u00fdpl\u0148: Sklo, Gmax(kg)\/2pcs: 45, Kotvenie: Na sklo, Funkcia samozatv\u00e1rania: +-15\u00b0, Funkcia stop: +-90\u00b0\/0\u00b0, h: 90, b: 55, Otvor v skle: \u00c1no<\/p>\n","protected":false},"featured_media":0,"comment_status":"closed","ping_status":"open","template":"","meta":[],"product_brand":[],"product_cat":[15],"product_tag":[],"class_list":{"0":"post-11968","1":"product","2":"type-product","3":"status-publish","5":"product_cat-uncategorized","7":"first","8":"onbackorder","9":"sale","10":"purchasable","11":"product-type-simple"},"_links":{"self":[{"href":"https:\/\/aramiso-test.verteco.app\/index.php?rest_route=\/wp\/v2\/product\/11968","targetHints":{"allow":["GET"]}}],"collection":[{"href":"https:\/\/aramiso-test.verteco.app\/index.php?rest_route=\/wp\/v2\/product"}],"about":[{"href":"https:\/\/aramiso-test.verteco.app\/index.php?rest_route=\/wp\/v2\/types\/product"}],"replies":[{"embeddable":true,"href":"https:\/\/aramiso-test.verteco.app\/index.php?rest_route=%2Fwp%2Fv2%2Fcomments&post=11968"}],"wp:attachment":[{"href":"https:\/\/aramiso-test.verteco.app\/index.php?rest_route=%2Fwp%2Fv2%2Fmedia&parent=11968"}],"wp:term":[{"taxonomy":"product_brand","embeddable":true,"href":"https:\/\/aramiso-test.verteco.app\/index.php?rest_route=%2Fwp%2Fv2%2Fproduct_brand&post=11968"},{"taxonomy":"product_cat","embeddable":true,"href":"https:\/\/aramiso-test.verteco.app\/index.php?rest_route=%2Fwp%2Fv2%2Fproduct_cat&post=11968"},{"taxonomy":"product_tag","embeddable":true,"href":"https:\/\/aramiso-test.verteco.app\/index.php?rest_route=%2Fwp%2Fv2%2Fproduct_tag&post=11968"}],"curies":[{"name":"wp","href":"https:\/\/api.w.org\/{rel}","templated":true}]}}