{"id":11952,"date":"2025-08-03T12:50:53","date_gmt":"2025-08-03T12:50:53","guid":{"rendered":"https:\/\/aramiso-test.verteco.app\/?product=kovanie-sprchovy-kut-aisi304-posuvne-dvere"},"modified":"2025-08-03T12:51:08","modified_gmt":"2025-08-03T12:51:08","slug":"kovanie-sprchovy-kut-aisi304-posuvne-dvere","status":"publish","type":"product","link":"https:\/\/aramiso-test.verteco.app\/?product=kovanie-sprchovy-kut-aisi304-posuvne-dvere","title":{"rendered":"Kovanie &#8211; sprchov\u00fd k\u00fat AISI304 posuvne dvere"},"content":{"rendered":"<p>2x voz\u00edk<br \/>\n2x dr\u017e\u00e1k skla<br \/>\n2x pojistka\/doraz<br \/>\n2x dr\u017e\u00e1k kolejnice<br \/>\n2x koncov\u00fd doraz<br \/>\n1x vod\u00edtko<\/p>\n","protected":false},"excerpt":{"rendered":"<p>Materi\u00e1l: Nerez AISI 304, Povrchov\u00e1 \u00faprava: Lesk, Glass t: 8-10, Hmotnos\u0165 kr\u00eddla (odpor\u00fa\u010dan\u00e1): 50kg, Kotvenie: Na sklo, Otvor v skle: \u00c1no<\/p>\n","protected":false},"featured_media":0,"comment_status":"closed","ping_status":"open","template":"","meta":[],"product_brand":[],"product_cat":[15],"product_tag":[],"class_list":{"0":"post-11952","1":"product","2":"type-product","3":"status-publish","5":"product_cat-uncategorized","7":"first","8":"onbackorder","9":"sale","10":"purchasable","11":"product-type-simple"},"_links":{"self":[{"href":"https:\/\/aramiso-test.verteco.app\/index.php?rest_route=\/wp\/v2\/product\/11952","targetHints":{"allow":["GET"]}}],"collection":[{"href":"https:\/\/aramiso-test.verteco.app\/index.php?rest_route=\/wp\/v2\/product"}],"about":[{"href":"https:\/\/aramiso-test.verteco.app\/index.php?rest_route=\/wp\/v2\/types\/product"}],"replies":[{"embeddable":true,"href":"https:\/\/aramiso-test.verteco.app\/index.php?rest_route=%2Fwp%2Fv2%2Fcomments&post=11952"}],"wp:attachment":[{"href":"https:\/\/aramiso-test.verteco.app\/index.php?rest_route=%2Fwp%2Fv2%2Fmedia&parent=11952"}],"wp:term":[{"taxonomy":"product_brand","embeddable":true,"href":"https:\/\/aramiso-test.verteco.app\/index.php?rest_route=%2Fwp%2Fv2%2Fproduct_brand&post=11952"},{"taxonomy":"product_cat","embeddable":true,"href":"https:\/\/aramiso-test.verteco.app\/index.php?rest_route=%2Fwp%2Fv2%2Fproduct_cat&post=11952"},{"taxonomy":"product_tag","embeddable":true,"href":"https:\/\/aramiso-test.verteco.app\/index.php?rest_route=%2Fwp%2Fv2%2Fproduct_tag&post=11952"}],"curies":[{"name":"wp","href":"https:\/\/api.w.org\/{rel}","templated":true}]}}