{"id":11938,"date":"2025-10-26T12:40:03","date_gmt":"2025-10-26T12:40:03","guid":{"rendered":"https:\/\/aramiso-test.verteco.app\/?product=drziak-skla-zabradlie-17"},"modified":"2025-10-26T12:40:05","modified_gmt":"2025-10-26T12:40:05","slug":"drziak-skla-zabradlie-17","status":"publish","type":"product","link":"https:\/\/aramiso-test.verteco.app\/?product=drziak-skla-zabradlie-17","title":{"rendered":"Dr\u017eiak skla, z\u00e1bradlie"},"content":{"rendered":"<p>Dr\u017eiak sklenenej (plechovej, tabu\u013eovej) v\u00fdplne je kon\u0161truk\u010dn\u00fd prvok pou\u017e\u00edvan\u00fd na upevnenie a stabiliz\u00e1ciu sklenenej alebo plechovej v\u00fdplne v r\u00f4znych kon\u0161trukci\u00e1ch, ako s\u00fa z\u00e1bradlia, balk\u00f3ny alebo schodisk\u00e1. Tento dr\u017eiak zais\u0165uje pevn\u00e9 a bezpe\u010dn\u00e9 prichytenie v\u00fdplne, \u010d\u00edm zvy\u0161uje celkov\u00fa stabilitu a bezpe\u010dnos\u0165 kon\u0161trukcie. S\u00fa s\u00fa\u010das\u0165ou modern\u00fdch architektonick\u00fdch rie\u0161en\u00ed, ktor\u00e9 kombinuj\u00fa funk\u010dnos\u0165, bezpe\u010dnos\u0165 a estetick\u00fd vzh\u013ead. Pri v\u00fdbere dr\u017eiaka je d\u00f4le\u017eit\u00e9 zv\u00e1\u017ei\u0165 jeho materi\u00e1l, dizajn, funk\u010dnos\u0165 a kompatibilitu s konkr\u00e9tnou v\u00fdpl\u0148ou a celkovou kon\u0161trukciou. Dr\u017eanie vyplne &#8211; poistenie vo\u010di vypadnutiu je dosiahnut\u00e9 pomocou zvern\u00e9ho spoja (doporu\u010den\u00e9 pou\u017eitie pri vrchnom kotveni). Dr\u017eiak neobsahuje tesnenie (nutnost dokupit 2ks tesneni podla hrubky skla) a krytky pre skrutky.<\/p>\n","protected":false},"excerpt":{"rendered":"<p>Materi\u00e1l: Nerez AISI 304, Povrchov\u00e1 \u00faprava: Lesk, V\u00fdpl\u0148: Sklo+Plech, Glass t: 6\/6,76\/8\/8,76\/10\/10,76\/1,5\/2\/3\/4\/5, Model: Model 2300, St\u013apik: D42,4, Vzh\u013ead: Natural<\/p>\n","protected":false},"featured_media":0,"comment_status":"closed","ping_status":"open","template":"","meta":[],"product_brand":[],"product_cat":[15],"product_tag":[],"class_list":{"0":"post-11938","1":"product","2":"type-product","3":"status-publish","5":"product_cat-uncategorized","7":"first","8":"onbackorder","9":"sale","10":"purchasable","11":"product-type-simple"},"_links":{"self":[{"href":"https:\/\/aramiso-test.verteco.app\/index.php?rest_route=\/wp\/v2\/product\/11938","targetHints":{"allow":["GET"]}}],"collection":[{"href":"https:\/\/aramiso-test.verteco.app\/index.php?rest_route=\/wp\/v2\/product"}],"about":[{"href":"https:\/\/aramiso-test.verteco.app\/index.php?rest_route=\/wp\/v2\/types\/product"}],"replies":[{"embeddable":true,"href":"https:\/\/aramiso-test.verteco.app\/index.php?rest_route=%2Fwp%2Fv2%2Fcomments&post=11938"}],"wp:attachment":[{"href":"https:\/\/aramiso-test.verteco.app\/index.php?rest_route=%2Fwp%2Fv2%2Fmedia&parent=11938"}],"wp:term":[{"taxonomy":"product_brand","embeddable":true,"href":"https:\/\/aramiso-test.verteco.app\/index.php?rest_route=%2Fwp%2Fv2%2Fproduct_brand&post=11938"},{"taxonomy":"product_cat","embeddable":true,"href":"https:\/\/aramiso-test.verteco.app\/index.php?rest_route=%2Fwp%2Fv2%2Fproduct_cat&post=11938"},{"taxonomy":"product_tag","embeddable":true,"href":"https:\/\/aramiso-test.verteco.app\/index.php?rest_route=%2Fwp%2Fv2%2Fproduct_tag&post=11938"}],"curies":[{"name":"wp","href":"https:\/\/api.w.org\/{rel}","templated":true}]}}