{"id":11925,"date":"2025-10-26T12:38:58","date_gmt":"2025-10-26T12:38:58","guid":{"rendered":"https:\/\/aramiso-test.verteco.app\/?product=zadlabavaci-valcekovy-zamok"},"modified":"2025-10-26T12:39:02","modified_gmt":"2025-10-26T12:39:02","slug":"zadlabavaci-valcekovy-zamok","status":"publish","type":"product","link":"https:\/\/aramiso-test.verteco.app\/?product=zadlabavaci-valcekovy-zamok","title":{"rendered":"Zadlab\u00e1vac\u00ed val\u010dekov\u00fd z\u00e1mok"},"content":{"rendered":"<div>\n<p>Nerez &#8211; protikus ku z\u00e1mkovej krabici GS-304\/ZP-814\/S s pru\u017einou protiprachov\u00e9.<\/p>\n<p align=\"left\">Parametre z\u00e1mku:<br \/>Priemer val\u010deka: 14 mm<br \/>Maxim\u00e1lne vysunutie val\u010deka: 9,5 mm<br \/>Nastavenie vysunutia val\u010deka: 0&nbsp;&#8211; 9,5 mm<br \/>Hr\u00fabka \u010delnej dosky z\u00e1mku: 1 mm.<br \/>\u010celn\u00e1 doska z\u00e1mku, vodiaca kladka, pru\u017eina, nastavovacia skrutka a os val\u010deka s\u00fa vyroben\u00e9 z nehrdzavej\u00facej ocele.<br \/>Z\u00e1mok je mo\u017en\u00e9 nain\u0161talova\u0165 do otvoru vyv\u0155tan\u00e9ho vrt\u00e1kom s priemerom 22 mm.<\/p>\n<p align=\"left\">Rozmery produktu:<br \/>Priemer tela: 22 mm<br \/>D\u013a\u017eka: 36,5 mm<br \/>\u0160\u00edrka prednej strany: 24 mm<\/p>\n<\/div>\n","protected":false},"excerpt":{"rendered":"<p>Materi\u00e1l: Nerez AISI 304, Povrchov\u00e1 \u00faprava: Brus<\/p>\n","protected":false},"featured_media":0,"comment_status":"closed","ping_status":"open","template":"","meta":[],"product_brand":[],"product_cat":[15],"product_tag":[],"class_list":{"0":"post-11925","1":"product","2":"type-product","3":"status-publish","5":"product_cat-uncategorized","7":"first","8":"instock","9":"sale","10":"purchasable","11":"product-type-simple"},"_links":{"self":[{"href":"https:\/\/aramiso-test.verteco.app\/index.php?rest_route=\/wp\/v2\/product\/11925","targetHints":{"allow":["GET"]}}],"collection":[{"href":"https:\/\/aramiso-test.verteco.app\/index.php?rest_route=\/wp\/v2\/product"}],"about":[{"href":"https:\/\/aramiso-test.verteco.app\/index.php?rest_route=\/wp\/v2\/types\/product"}],"replies":[{"embeddable":true,"href":"https:\/\/aramiso-test.verteco.app\/index.php?rest_route=%2Fwp%2Fv2%2Fcomments&post=11925"}],"wp:attachment":[{"href":"https:\/\/aramiso-test.verteco.app\/index.php?rest_route=%2Fwp%2Fv2%2Fmedia&parent=11925"}],"wp:term":[{"taxonomy":"product_brand","embeddable":true,"href":"https:\/\/aramiso-test.verteco.app\/index.php?rest_route=%2Fwp%2Fv2%2Fproduct_brand&post=11925"},{"taxonomy":"product_cat","embeddable":true,"href":"https:\/\/aramiso-test.verteco.app\/index.php?rest_route=%2Fwp%2Fv2%2Fproduct_cat&post=11925"},{"taxonomy":"product_tag","embeddable":true,"href":"https:\/\/aramiso-test.verteco.app\/index.php?rest_route=%2Fwp%2Fv2%2Fproduct_tag&post=11925"}],"curies":[{"name":"wp","href":"https:\/\/api.w.org\/{rel}","templated":true}]}}