{"id":11920,"date":"2025-08-03T12:50:41","date_gmt":"2025-08-03T12:50:41","guid":{"rendered":"https:\/\/aramiso-test.verteco.app\/?product=samozatvarac-podlahovy-s-aretaciou-120kg"},"modified":"2025-08-03T12:50:44","modified_gmt":"2025-08-03T12:50:44","slug":"samozatvarac-podlahovy-s-aretaciou-120kg","status":"publish","type":"product","link":"https:\/\/aramiso-test.verteco.app\/?product=samozatvarac-podlahovy-s-aretaciou-120kg","title":{"rendered":"Samozatv\u00e1ra\u010d podlahovy s aretaciou 120kg"},"content":{"rendered":"<p>Podlahovy samozatv\u00e1ra\u010d pre \u0161irku dver\u00ed do 1300mm a do 150kg Otvorenie max 130\u00b0. aretovanie pri 90 stup. Vrchna plat\u0148a  nerez Pre sklo 8-12mm Mo\u017enos\u0165 regul\u00e1cie r\u00fdchlosti zatv\u00e1rania a dovretia.<\/p>\n","protected":false},"excerpt":{"rendered":"<p>Materi\u00e1l: Nerez AISI 304, Povrchov\u00e1 \u00faprava: Brus, Hmotnos\u0165 kr\u00eddla (odpor\u00fa\u010dan\u00e1): 120kg, Funkcia samozatv\u00e1rania: \u00c1no, Funkcia stop: +-90\u00b0\/0\u00b0<\/p>\n","protected":false},"featured_media":0,"comment_status":"closed","ping_status":"open","template":"","meta":[],"product_brand":[],"product_cat":[15],"product_tag":[],"class_list":{"0":"post-11920","1":"product","2":"type-product","3":"status-publish","5":"product_cat-uncategorized","7":"first","8":"onbackorder","9":"sale","10":"purchasable","11":"product-type-simple"},"_links":{"self":[{"href":"https:\/\/aramiso-test.verteco.app\/index.php?rest_route=\/wp\/v2\/product\/11920","targetHints":{"allow":["GET"]}}],"collection":[{"href":"https:\/\/aramiso-test.verteco.app\/index.php?rest_route=\/wp\/v2\/product"}],"about":[{"href":"https:\/\/aramiso-test.verteco.app\/index.php?rest_route=\/wp\/v2\/types\/product"}],"replies":[{"embeddable":true,"href":"https:\/\/aramiso-test.verteco.app\/index.php?rest_route=%2Fwp%2Fv2%2Fcomments&post=11920"}],"wp:attachment":[{"href":"https:\/\/aramiso-test.verteco.app\/index.php?rest_route=%2Fwp%2Fv2%2Fmedia&parent=11920"}],"wp:term":[{"taxonomy":"product_brand","embeddable":true,"href":"https:\/\/aramiso-test.verteco.app\/index.php?rest_route=%2Fwp%2Fv2%2Fproduct_brand&post=11920"},{"taxonomy":"product_cat","embeddable":true,"href":"https:\/\/aramiso-test.verteco.app\/index.php?rest_route=%2Fwp%2Fv2%2Fproduct_cat&post=11920"},{"taxonomy":"product_tag","embeddable":true,"href":"https:\/\/aramiso-test.verteco.app\/index.php?rest_route=%2Fwp%2Fv2%2Fproduct_tag&post=11920"}],"curies":[{"name":"wp","href":"https:\/\/api.w.org\/{rel}","templated":true}]}}