{"id":11913,"date":"2025-10-26T12:38:58","date_gmt":"2025-10-26T12:38:58","guid":{"rendered":"https:\/\/aramiso-test.verteco.app\/?product=zasklenie-pevne-drziak-skla-s-trnom-pre-zaves"},"modified":"2025-10-26T12:38:59","modified_gmt":"2025-10-26T12:38:59","slug":"zasklenie-pevne-drziak-skla-s-trnom-pre-zaves","status":"publish","type":"product","link":"https:\/\/aramiso-test.verteco.app\/?product=zasklenie-pevne-drziak-skla-s-trnom-pre-zaves","title":{"rendered":"Zasklenie pevn\u00e9 &#8211; dr\u017eiak skla s t\u0155\u0148om pre z\u00e1ves"},"content":{"rendered":"<p>Horn\u00fd p\u00e1nt s pripevnen\u00edm na stenu. Povrchov\u00e1 \u00faprava nerez br\u00fasen\u00e1. Pre sklo hr\u00fabky od 10 do 12mm. Mo\u017enos\u0165 centrova\u0165 dieru v rozmendz\u00ed +-2.5mm.<\/p>\n","protected":false},"excerpt":{"rendered":"<p>Materi\u00e1l: Nerez AISI 304, Povrchov\u00e1 \u00faprava: Brus, Glass t: 10-12, Otvor v skle: \u00c1no<\/p>\n","protected":false},"featured_media":0,"comment_status":"closed","ping_status":"open","template":"","meta":[],"product_brand":[],"product_cat":[15],"product_tag":[],"class_list":{"0":"post-11913","1":"product","2":"type-product","3":"status-publish","5":"product_cat-uncategorized","7":"first","8":"instock","9":"sale","10":"purchasable","11":"product-type-simple"},"_links":{"self":[{"href":"https:\/\/aramiso-test.verteco.app\/index.php?rest_route=\/wp\/v2\/product\/11913","targetHints":{"allow":["GET"]}}],"collection":[{"href":"https:\/\/aramiso-test.verteco.app\/index.php?rest_route=\/wp\/v2\/product"}],"about":[{"href":"https:\/\/aramiso-test.verteco.app\/index.php?rest_route=\/wp\/v2\/types\/product"}],"replies":[{"embeddable":true,"href":"https:\/\/aramiso-test.verteco.app\/index.php?rest_route=%2Fwp%2Fv2%2Fcomments&post=11913"}],"wp:attachment":[{"href":"https:\/\/aramiso-test.verteco.app\/index.php?rest_route=%2Fwp%2Fv2%2Fmedia&parent=11913"}],"wp:term":[{"taxonomy":"product_brand","embeddable":true,"href":"https:\/\/aramiso-test.verteco.app\/index.php?rest_route=%2Fwp%2Fv2%2Fproduct_brand&post=11913"},{"taxonomy":"product_cat","embeddable":true,"href":"https:\/\/aramiso-test.verteco.app\/index.php?rest_route=%2Fwp%2Fv2%2Fproduct_cat&post=11913"},{"taxonomy":"product_tag","embeddable":true,"href":"https:\/\/aramiso-test.verteco.app\/index.php?rest_route=%2Fwp%2Fv2%2Fproduct_tag&post=11913"}],"curies":[{"name":"wp","href":"https:\/\/api.w.org\/{rel}","templated":true}]}}