{"id":11904,"date":"2025-10-26T12:38:52","date_gmt":"2025-10-26T12:38:52","guid":{"rendered":"https:\/\/aramiso-test.verteco.app\/?product=sklo-cire-kalene-lepene-34"},"modified":"2025-10-26T12:38:56","modified_gmt":"2025-10-26T12:38:56","slug":"sklo-cire-kalene-lepene-34","status":"publish","type":"product","link":"https:\/\/aramiso-test.verteco.app\/?product=sklo-cire-kalene-lepene-34","title":{"rendered":"Sklo &#8211; \u010d\u00edre, kalen\u00e9, lepen\u00e9"},"content":{"rendered":"<p>Bezpe\u010dnostn\u00e9 sklo &#8211; lepen\u00e9 VSG\/ESG &#8211; \u010d\u00edre kalen\u00e9 sklo, ktor\u00e9 je navrhnut\u00e9 tak, aby poskytovalo ochranu a bezpe\u010dnos\u0165 vo\u010di prasknutiu alebo po\u0161kodeniu. M\u00e1 zrazen\u00e9 a le\u0161ten\u00e9 hrany. Je tvoren\u00e9 dvomi alebo viacer\u00fdmi vrstvami skla spojen\u00fdmi elastickou a pevnou vrstvou medzi nimi (PVB f\u00f3lia). T\u00e1to kon\u0161trukcia zabezpe\u010duje to, \u017ee ak by sa sklo rozbilo, rozpadne sa na mal\u00e9 a menej ostr\u00e9 k\u00fasky, pri\u010dom fragmenty zostan\u00fa prilepen\u00e9 k medzivrstve, \u010d\u00edm sa minimalizuje riziko zranenia.<\/p>\n","protected":false},"excerpt":{"rendered":"<p>Materi\u00e1l: Sklo, Povrchov\u00e1 \u00faprava: Kalen\u00fd, Glass t: 8,76, Vzh\u013ead: \u010c\u00edre, a: 1000, b: 750, Quality: VSG\/ESG<\/p>\n","protected":false},"featured_media":0,"comment_status":"closed","ping_status":"open","template":"","meta":[],"product_brand":[],"product_cat":[15],"product_tag":[],"class_list":{"0":"post-11904","1":"product","2":"type-product","3":"status-publish","5":"product_cat-uncategorized","7":"first","8":"onbackorder","9":"sale","10":"purchasable","11":"product-type-simple"},"_links":{"self":[{"href":"https:\/\/aramiso-test.verteco.app\/index.php?rest_route=\/wp\/v2\/product\/11904","targetHints":{"allow":["GET"]}}],"collection":[{"href":"https:\/\/aramiso-test.verteco.app\/index.php?rest_route=\/wp\/v2\/product"}],"about":[{"href":"https:\/\/aramiso-test.verteco.app\/index.php?rest_route=\/wp\/v2\/types\/product"}],"replies":[{"embeddable":true,"href":"https:\/\/aramiso-test.verteco.app\/index.php?rest_route=%2Fwp%2Fv2%2Fcomments&post=11904"}],"wp:attachment":[{"href":"https:\/\/aramiso-test.verteco.app\/index.php?rest_route=%2Fwp%2Fv2%2Fmedia&parent=11904"}],"wp:term":[{"taxonomy":"product_brand","embeddable":true,"href":"https:\/\/aramiso-test.verteco.app\/index.php?rest_route=%2Fwp%2Fv2%2Fproduct_brand&post=11904"},{"taxonomy":"product_cat","embeddable":true,"href":"https:\/\/aramiso-test.verteco.app\/index.php?rest_route=%2Fwp%2Fv2%2Fproduct_cat&post=11904"},{"taxonomy":"product_tag","embeddable":true,"href":"https:\/\/aramiso-test.verteco.app\/index.php?rest_route=%2Fwp%2Fv2%2Fproduct_tag&post=11904"}],"curies":[{"name":"wp","href":"https:\/\/api.w.org\/{rel}","templated":true}]}}