{"id":11872,"date":"2025-08-03T12:48:54","date_gmt":"2025-08-03T12:48:54","guid":{"rendered":"https:\/\/aramiso-test.verteco.app\/?product=posuv-sada-prislusenstva-pre-gs-al-p8106-n-e-3"},"modified":"2025-08-03T12:49:06","modified_gmt":"2025-08-03T12:49:06","slug":"posuv-sada-prislusenstva-pre-gs-al-p8106-n-e-3","status":"publish","type":"product","link":"https:\/\/aramiso-test.verteco.app\/?product=posuv-sada-prislusenstva-pre-gs-al-p8106-n-e-3","title":{"rendered":"Posuv &#8211; sada pr\u00edslu\u0161enstva pre GS-AL\/P8106\/N\/E"},"content":{"rendered":"<p>Sada pr\u00edslu\u0161enstva pre posuv s pevn\u00fdm presklen\u00edm GS-AL\/P8106\/N\/E-set. Sada obsahuje: 2x voz\u00edk, 2x spoma\u013eova\u010d s dorazom, 2x bo\u010dn\u00e1 krytka, 1x spodn\u00e9 vod\u00edtko, tesnenia pre sklo s hr\u00fabkou 8 \/ 10 \/ 12.<\/p>\n","protected":false},"excerpt":{"rendered":"<p>Materi\u00e1l: Hlin\u00edk, Povrchov\u00e1 \u00faprava: Eloxovan\u00fd, Glass t: 8-12<\/p>\n","protected":false},"featured_media":0,"comment_status":"closed","ping_status":"open","template":"","meta":[],"product_brand":[],"product_cat":[15],"product_tag":[],"class_list":{"0":"post-11872","1":"product","2":"type-product","3":"status-publish","5":"product_cat-uncategorized","7":"first","8":"instock","9":"sale","10":"purchasable","11":"product-type-simple"},"_links":{"self":[{"href":"https:\/\/aramiso-test.verteco.app\/index.php?rest_route=\/wp\/v2\/product\/11872","targetHints":{"allow":["GET"]}}],"collection":[{"href":"https:\/\/aramiso-test.verteco.app\/index.php?rest_route=\/wp\/v2\/product"}],"about":[{"href":"https:\/\/aramiso-test.verteco.app\/index.php?rest_route=\/wp\/v2\/types\/product"}],"replies":[{"embeddable":true,"href":"https:\/\/aramiso-test.verteco.app\/index.php?rest_route=%2Fwp%2Fv2%2Fcomments&post=11872"}],"wp:attachment":[{"href":"https:\/\/aramiso-test.verteco.app\/index.php?rest_route=%2Fwp%2Fv2%2Fmedia&parent=11872"}],"wp:term":[{"taxonomy":"product_brand","embeddable":true,"href":"https:\/\/aramiso-test.verteco.app\/index.php?rest_route=%2Fwp%2Fv2%2Fproduct_brand&post=11872"},{"taxonomy":"product_cat","embeddable":true,"href":"https:\/\/aramiso-test.verteco.app\/index.php?rest_route=%2Fwp%2Fv2%2Fproduct_cat&post=11872"},{"taxonomy":"product_tag","embeddable":true,"href":"https:\/\/aramiso-test.verteco.app\/index.php?rest_route=%2Fwp%2Fv2%2Fproduct_tag&post=11872"}],"curies":[{"name":"wp","href":"https:\/\/api.w.org\/{rel}","templated":true}]}}