{"id":11861,"date":"2025-08-03T12:48:54","date_gmt":"2025-08-03T12:48:54","guid":{"rendered":"https:\/\/aramiso-test.verteco.app\/?product=profil-iled-zabradlie-integrovane-osvetlenie-24v"},"modified":"2025-08-03T12:49:01","modified_gmt":"2025-08-03T12:49:01","slug":"profil-iled-zabradlie-integrovane-osvetlenie-24v","status":"publish","type":"product","link":"https:\/\/aramiso-test.verteco.app\/?product=profil-iled-zabradlie-integrovane-osvetlenie-24v","title":{"rendered":"Profil iLED z\u00e1bradlie, integrovan\u00e9 osvetlenie 24V"},"content":{"rendered":"<p>Mont\u00e1\u017eny profil osvetlenia pre aplik\u00e1cie LED, pre profily s dutinou 24x24mm, 24VDC, IP40\/*65, 8W\/m, click-fix, integrovan\u00fd led p\u00e1s v profile.<\/p>\n<p><iframe width=\"560\" height=\"315\" src=\"https:\/\/www.youtube.com\/embed\/u40tM5v7asU\" frameborder=\"0\" allow=\"accelerometer; autoplay; encrypted-media; gyroscope; picture-in-picture\" allowfullscreen><\/iframe><\/p>\n","protected":false},"excerpt":{"rendered":"<p>Materi\u00e1l: Plast\/Guma, Povrchov\u00e1 \u00faprava: Mlie\u010dne, Zna\u010dka: Umakov, Vzh\u013ead: 5000K, h: 24, b: 24<\/p>\n","protected":false},"featured_media":0,"comment_status":"closed","ping_status":"open","template":"","meta":[],"product_brand":[],"product_cat":[15],"product_tag":[],"class_list":{"0":"post-11861","1":"product","2":"type-product","3":"status-publish","5":"product_cat-uncategorized","7":"first","8":"onbackorder","9":"sale","10":"purchasable","11":"product-type-simple"},"_links":{"self":[{"href":"https:\/\/aramiso-test.verteco.app\/index.php?rest_route=\/wp\/v2\/product\/11861","targetHints":{"allow":["GET"]}}],"collection":[{"href":"https:\/\/aramiso-test.verteco.app\/index.php?rest_route=\/wp\/v2\/product"}],"about":[{"href":"https:\/\/aramiso-test.verteco.app\/index.php?rest_route=\/wp\/v2\/types\/product"}],"replies":[{"embeddable":true,"href":"https:\/\/aramiso-test.verteco.app\/index.php?rest_route=%2Fwp%2Fv2%2Fcomments&post=11861"}],"wp:attachment":[{"href":"https:\/\/aramiso-test.verteco.app\/index.php?rest_route=%2Fwp%2Fv2%2Fmedia&parent=11861"}],"wp:term":[{"taxonomy":"product_brand","embeddable":true,"href":"https:\/\/aramiso-test.verteco.app\/index.php?rest_route=%2Fwp%2Fv2%2Fproduct_brand&post=11861"},{"taxonomy":"product_cat","embeddable":true,"href":"https:\/\/aramiso-test.verteco.app\/index.php?rest_route=%2Fwp%2Fv2%2Fproduct_cat&post=11861"},{"taxonomy":"product_tag","embeddable":true,"href":"https:\/\/aramiso-test.verteco.app\/index.php?rest_route=%2Fwp%2Fv2%2Fproduct_tag&post=11861"}],"curies":[{"name":"wp","href":"https:\/\/api.w.org\/{rel}","templated":true}]}}