{"id":11857,"date":"2025-10-26T12:38:33","date_gmt":"2025-10-26T12:38:33","guid":{"rendered":"https:\/\/aramiso-test.verteco.app\/?product=zaves-pre-sklenene-dvere-aisi304-pre-gs-al-z"},"modified":"2025-10-26T12:38:35","modified_gmt":"2025-10-26T12:38:35","slug":"zaves-pre-sklenene-dvere-aisi304-pre-gs-al-z","status":"publish","type":"product","link":"https:\/\/aramiso-test.verteco.app\/?product=zaves-pre-sklenene-dvere-aisi304-pre-gs-al-z","title":{"rendered":"Z\u00e1ves pre sklenen\u00e9 dvere AISI304 pre GS-AL\/Z&#8230;"},"content":{"rendered":"","protected":false},"excerpt":{"rendered":"<p>Materi\u00e1l: Nerez AISI 304\/Hlin\u00edk, Povrchov\u00e1 \u00faprava: Brus, Glass t: 8-10, Gmax(kg)\/2pcs: 45, Otvor v skle: \u00c1no<\/p>\n","protected":false},"featured_media":0,"comment_status":"closed","ping_status":"open","template":"","meta":[],"product_brand":[],"product_cat":[15],"product_tag":[],"class_list":{"0":"post-11857","1":"product","2":"type-product","3":"status-publish","5":"product_cat-uncategorized","7":"first","8":"instock","9":"sale","10":"purchasable","11":"product-type-simple"},"_links":{"self":[{"href":"https:\/\/aramiso-test.verteco.app\/index.php?rest_route=\/wp\/v2\/product\/11857","targetHints":{"allow":["GET"]}}],"collection":[{"href":"https:\/\/aramiso-test.verteco.app\/index.php?rest_route=\/wp\/v2\/product"}],"about":[{"href":"https:\/\/aramiso-test.verteco.app\/index.php?rest_route=\/wp\/v2\/types\/product"}],"replies":[{"embeddable":true,"href":"https:\/\/aramiso-test.verteco.app\/index.php?rest_route=%2Fwp%2Fv2%2Fcomments&post=11857"}],"wp:attachment":[{"href":"https:\/\/aramiso-test.verteco.app\/index.php?rest_route=%2Fwp%2Fv2%2Fmedia&parent=11857"}],"wp:term":[{"taxonomy":"product_brand","embeddable":true,"href":"https:\/\/aramiso-test.verteco.app\/index.php?rest_route=%2Fwp%2Fv2%2Fproduct_brand&post=11857"},{"taxonomy":"product_cat","embeddable":true,"href":"https:\/\/aramiso-test.verteco.app\/index.php?rest_route=%2Fwp%2Fv2%2Fproduct_cat&post=11857"},{"taxonomy":"product_tag","embeddable":true,"href":"https:\/\/aramiso-test.verteco.app\/index.php?rest_route=%2Fwp%2Fv2%2Fproduct_tag&post=11857"}],"curies":[{"name":"wp","href":"https:\/\/api.w.org\/{rel}","templated":true}]}}