{"id":11786,"date":"2025-08-03T12:48:13","date_gmt":"2025-08-03T12:48:13","guid":{"rendered":"https:\/\/aramiso-test.verteco.app\/?product=zasklenie-pevne-profil-u-al-elox-21x27mm-l3000"},"modified":"2025-08-03T12:48:18","modified_gmt":"2025-08-03T12:48:18","slug":"zasklenie-pevne-profil-u-al-elox-21x27mm-l3000","status":"publish","type":"product","link":"https:\/\/aramiso-test.verteco.app\/?product=zasklenie-pevne-profil-u-al-elox-21x27mm-l3000","title":{"rendered":"Zasklenie pevn\u00e9 &#8211; profil U AL-Elox 21x27mm, L3000"},"content":{"rendered":"<p>Hlinikov\u00fd profil pre sklo hr\u00fabky 8, 10, 12 mm bez tesnenia. D\u013a\u017eka L=3000 mm.<\/p>\n","protected":false},"excerpt":{"rendered":"<p>Materi\u00e1l: Hlin\u00edk, Povrchov\u00e1 \u00faprava: Eloxovan\u00fd, Glass t: 8-12, L: 3000<\/p>\n","protected":false},"featured_media":0,"comment_status":"closed","ping_status":"open","template":"","meta":[],"product_brand":[],"product_cat":[15],"product_tag":[],"class_list":{"0":"post-11786","1":"product","2":"type-product","3":"status-publish","5":"product_cat-uncategorized","7":"first","8":"instock","9":"sale","10":"purchasable","11":"product-type-simple"},"_links":{"self":[{"href":"https:\/\/aramiso-test.verteco.app\/index.php?rest_route=\/wp\/v2\/product\/11786","targetHints":{"allow":["GET"]}}],"collection":[{"href":"https:\/\/aramiso-test.verteco.app\/index.php?rest_route=\/wp\/v2\/product"}],"about":[{"href":"https:\/\/aramiso-test.verteco.app\/index.php?rest_route=\/wp\/v2\/types\/product"}],"replies":[{"embeddable":true,"href":"https:\/\/aramiso-test.verteco.app\/index.php?rest_route=%2Fwp%2Fv2%2Fcomments&post=11786"}],"wp:attachment":[{"href":"https:\/\/aramiso-test.verteco.app\/index.php?rest_route=%2Fwp%2Fv2%2Fmedia&parent=11786"}],"wp:term":[{"taxonomy":"product_brand","embeddable":true,"href":"https:\/\/aramiso-test.verteco.app\/index.php?rest_route=%2Fwp%2Fv2%2Fproduct_brand&post=11786"},{"taxonomy":"product_cat","embeddable":true,"href":"https:\/\/aramiso-test.verteco.app\/index.php?rest_route=%2Fwp%2Fv2%2Fproduct_cat&post=11786"},{"taxonomy":"product_tag","embeddable":true,"href":"https:\/\/aramiso-test.verteco.app\/index.php?rest_route=%2Fwp%2Fv2%2Fproduct_tag&post=11786"}],"curies":[{"name":"wp","href":"https:\/\/api.w.org\/{rel}","templated":true}]}}