{"id":11769,"date":"2025-10-26T12:38:14","date_gmt":"2025-10-26T12:38:14","guid":{"rendered":"https:\/\/aramiso-test.verteco.app\/?product=svorkovy-al-profil-3m-s-krycou-listou-eco"},"modified":"2025-10-26T12:38:20","modified_gmt":"2025-10-26T12:38:20","slug":"svorkovy-al-profil-3m-s-krycou-listou-eco","status":"publish","type":"product","link":"https:\/\/aramiso-test.verteco.app\/?product=svorkovy-al-profil-3m-s-krycou-listou-eco","title":{"rendered":"Svorkov\u00fd al profil-3m s krycou li\u0161tou ECO"},"content":{"rendered":"<p>Sklenen\u00fd profilov\u00fd syst\u00e9m 3000mm 1 sada obsahuje:<br \/>\n&#8211; 1 ks z\u00e1kladn\u00e9ho profilu 3000mm<br \/>\n&#8211; 12 ks profilov svoriek s gumov\u00fdm tesnen\u00edm<br \/>\n&#8211; 2 ks krycieho profilu 3000mm<br \/>\n&#8211; G(max) 30kg\/m glass panel max. H3500xL1500mm<\/p>\n","protected":false},"excerpt":{"rendered":"<p>Materi\u00e1l: Hlin\u00edk, Povrchov\u00e1 \u00faprava: Eloxovan\u00fd, Glass t: 8, L: 3000<\/p>\n","protected":false},"featured_media":0,"comment_status":"closed","ping_status":"open","template":"","meta":[],"product_brand":[],"product_cat":[15],"product_tag":[],"class_list":{"0":"post-11769","1":"product","2":"type-product","3":"status-publish","5":"product_cat-uncategorized","7":"first","8":"instock","9":"sale","10":"purchasable","11":"product-type-simple"},"_links":{"self":[{"href":"https:\/\/aramiso-test.verteco.app\/index.php?rest_route=\/wp\/v2\/product\/11769","targetHints":{"allow":["GET"]}}],"collection":[{"href":"https:\/\/aramiso-test.verteco.app\/index.php?rest_route=\/wp\/v2\/product"}],"about":[{"href":"https:\/\/aramiso-test.verteco.app\/index.php?rest_route=\/wp\/v2\/types\/product"}],"replies":[{"embeddable":true,"href":"https:\/\/aramiso-test.verteco.app\/index.php?rest_route=%2Fwp%2Fv2%2Fcomments&post=11769"}],"wp:attachment":[{"href":"https:\/\/aramiso-test.verteco.app\/index.php?rest_route=%2Fwp%2Fv2%2Fmedia&parent=11769"}],"wp:term":[{"taxonomy":"product_brand","embeddable":true,"href":"https:\/\/aramiso-test.verteco.app\/index.php?rest_route=%2Fwp%2Fv2%2Fproduct_brand&post=11769"},{"taxonomy":"product_cat","embeddable":true,"href":"https:\/\/aramiso-test.verteco.app\/index.php?rest_route=%2Fwp%2Fv2%2Fproduct_cat&post=11769"},{"taxonomy":"product_tag","embeddable":true,"href":"https:\/\/aramiso-test.verteco.app\/index.php?rest_route=%2Fwp%2Fv2%2Fproduct_tag&post=11769"}],"curies":[{"name":"wp","href":"https:\/\/api.w.org\/{rel}","templated":true}]}}