{"id":11695,"date":"2025-08-03T12:44:44","date_gmt":"2025-08-03T12:44:44","guid":{"rendered":"https:\/\/aramiso-test.verteco.app\/?product=plastova-podlozka-pod-sklo-k-profilu-15x6x100mm"},"modified":"2025-08-03T12:44:55","modified_gmt":"2025-08-03T12:44:55","slug":"plastova-podlozka-pod-sklo-k-profilu-15x6x100mm","status":"publish","type":"product","link":"https:\/\/aramiso-test.verteco.app\/?product=plastova-podlozka-pod-sklo-k-profilu-15x6x100mm","title":{"rendered":"Plastov\u00e1 podlo\u017eka pod sklo k profilu 15x6x100mm"},"content":{"rendered":"<p>1m\/3x 22x6x100mm<\/p>\n","protected":false},"excerpt":{"rendered":"<p>Materi\u00e1l: Plast, Povrchov\u00e1 \u00faprava: Natural<\/p>\n","protected":false},"featured_media":0,"comment_status":"closed","ping_status":"open","template":"","meta":[],"product_brand":[],"product_cat":[15],"product_tag":[],"class_list":{"0":"post-11695","1":"product","2":"type-product","3":"status-publish","5":"product_cat-uncategorized","7":"first","8":"onbackorder","9":"purchasable","10":"product-type-simple"},"_links":{"self":[{"href":"https:\/\/aramiso-test.verteco.app\/index.php?rest_route=\/wp\/v2\/product\/11695","targetHints":{"allow":["GET"]}}],"collection":[{"href":"https:\/\/aramiso-test.verteco.app\/index.php?rest_route=\/wp\/v2\/product"}],"about":[{"href":"https:\/\/aramiso-test.verteco.app\/index.php?rest_route=\/wp\/v2\/types\/product"}],"replies":[{"embeddable":true,"href":"https:\/\/aramiso-test.verteco.app\/index.php?rest_route=%2Fwp%2Fv2%2Fcomments&post=11695"}],"wp:attachment":[{"href":"https:\/\/aramiso-test.verteco.app\/index.php?rest_route=%2Fwp%2Fv2%2Fmedia&parent=11695"}],"wp:term":[{"taxonomy":"product_brand","embeddable":true,"href":"https:\/\/aramiso-test.verteco.app\/index.php?rest_route=%2Fwp%2Fv2%2Fproduct_brand&post=11695"},{"taxonomy":"product_cat","embeddable":true,"href":"https:\/\/aramiso-test.verteco.app\/index.php?rest_route=%2Fwp%2Fv2%2Fproduct_cat&post=11695"},{"taxonomy":"product_tag","embeddable":true,"href":"https:\/\/aramiso-test.verteco.app\/index.php?rest_route=%2Fwp%2Fv2%2Fproduct_tag&post=11695"}],"curies":[{"name":"wp","href":"https:\/\/api.w.org\/{rel}","templated":true}]}}