{"id":11684,"date":"2025-08-03T12:44:44","date_gmt":"2025-08-03T12:44:44","guid":{"rendered":"https:\/\/aramiso-test.verteco.app\/?product=skryty-samozatvarac-dveri-s-aretaciou-hydraulicky"},"modified":"2025-08-03T12:44:49","modified_gmt":"2025-08-03T12:44:49","slug":"skryty-samozatvarac-dveri-s-aretaciou-hydraulicky","status":"publish","type":"product","link":"https:\/\/aramiso-test.verteco.app\/?product=skryty-samozatvarac-dveri-s-aretaciou-hydraulicky","title":{"rendered":"Skryt\u00fd samozatv\u00e1ra\u010d dver\u00ed s aret\u00e1ciou hydraulick\u00fd"},"content":{"rendered":"<p>Skryt\u00fd samozatv\u00e1ra\u010d s aret\u00e1ciou s plynul\u00fdm nastaven\u00edm zatv\u00e1rania 120\u00b0-15\u00b0a15\u00b0-0\u00b0, rozmery 230x33x57mm. Max. \u0161\u00edrka dver\u00ed 1200mm , v\u00e1ha dver\u00ed do 65kg , Pre prav\u00e9 a \u013eav\u00e9 dreven\u00e9 aj profilov\u00e9 dvere.<\/p>\n","protected":false},"excerpt":{"rendered":"<p>Materi\u00e1l: Oce\u013e, Povrchov\u00e1 \u00faprava: Farba, Funkcia stop: +90\u00b0\/0\u00b0<\/p>\n","protected":false},"featured_media":0,"comment_status":"closed","ping_status":"open","template":"","meta":[],"product_brand":[],"product_cat":[15],"product_tag":[],"class_list":{"0":"post-11684","1":"product","2":"type-product","3":"status-publish","5":"product_cat-uncategorized","7":"first","8":"onbackorder","9":"sale","10":"purchasable","11":"product-type-simple"},"_links":{"self":[{"href":"https:\/\/aramiso-test.verteco.app\/index.php?rest_route=\/wp\/v2\/product\/11684","targetHints":{"allow":["GET"]}}],"collection":[{"href":"https:\/\/aramiso-test.verteco.app\/index.php?rest_route=\/wp\/v2\/product"}],"about":[{"href":"https:\/\/aramiso-test.verteco.app\/index.php?rest_route=\/wp\/v2\/types\/product"}],"replies":[{"embeddable":true,"href":"https:\/\/aramiso-test.verteco.app\/index.php?rest_route=%2Fwp%2Fv2%2Fcomments&post=11684"}],"wp:attachment":[{"href":"https:\/\/aramiso-test.verteco.app\/index.php?rest_route=%2Fwp%2Fv2%2Fmedia&parent=11684"}],"wp:term":[{"taxonomy":"product_brand","embeddable":true,"href":"https:\/\/aramiso-test.verteco.app\/index.php?rest_route=%2Fwp%2Fv2%2Fproduct_brand&post=11684"},{"taxonomy":"product_cat","embeddable":true,"href":"https:\/\/aramiso-test.verteco.app\/index.php?rest_route=%2Fwp%2Fv2%2Fproduct_cat&post=11684"},{"taxonomy":"product_tag","embeddable":true,"href":"https:\/\/aramiso-test.verteco.app\/index.php?rest_route=%2Fwp%2Fv2%2Fproduct_tag&post=11684"}],"curies":[{"name":"wp","href":"https:\/\/api.w.org\/{rel}","templated":true}]}}