{"id":11682,"date":"2025-10-26T12:36:52","date_gmt":"2025-10-26T12:36:52","guid":{"rendered":"https:\/\/aramiso-test.verteco.app\/?product=zamka-pre-sklenene-dvere-black-pz-zamok-pz"},"modified":"2025-10-26T12:36:55","modified_gmt":"2025-10-26T12:36:55","slug":"zamka-pre-sklenene-dvere-black-pz-zamok-pz","status":"publish","type":"product","link":"https:\/\/aramiso-test.verteco.app\/?product=zamka-pre-sklenene-dvere-black-pz-zamok-pz","title":{"rendered":"Z\u00e1mka pre sklenen\u00e9 dvere BLACK PZ + z\u00e1mok PZ"},"content":{"rendered":"<p>Hranat\u00fd Z\u00e1mok s k\u013eu\u010dkou a FAB z\u00e1mkom na falcovan\u00fa z\u00e1rub\u0148u prevedenie PZ. pravo\/\u013eav\u00e1 pre dvere dnu\/von<\/p>\n","protected":false},"excerpt":{"rendered":"<p>Materi\u00e1l: Nerez AISI 304, Povrchov\u00e1 \u00faprava: Pr\u00e1\u0161kovan\u00fd, Glass t: 8-12, Vzh\u013ead: \u010cierna, Otvor v skle: \u00c1no<\/p>\n","protected":false},"featured_media":0,"comment_status":"closed","ping_status":"open","template":"","meta":[],"product_brand":[],"product_cat":[15],"product_tag":[],"class_list":{"0":"post-11682","1":"product","2":"type-product","3":"status-publish","5":"product_cat-uncategorized","7":"first","8":"instock","9":"sale","10":"purchasable","11":"product-type-simple"},"_links":{"self":[{"href":"https:\/\/aramiso-test.verteco.app\/index.php?rest_route=\/wp\/v2\/product\/11682","targetHints":{"allow":["GET"]}}],"collection":[{"href":"https:\/\/aramiso-test.verteco.app\/index.php?rest_route=\/wp\/v2\/product"}],"about":[{"href":"https:\/\/aramiso-test.verteco.app\/index.php?rest_route=\/wp\/v2\/types\/product"}],"replies":[{"embeddable":true,"href":"https:\/\/aramiso-test.verteco.app\/index.php?rest_route=%2Fwp%2Fv2%2Fcomments&post=11682"}],"wp:attachment":[{"href":"https:\/\/aramiso-test.verteco.app\/index.php?rest_route=%2Fwp%2Fv2%2Fmedia&parent=11682"}],"wp:term":[{"taxonomy":"product_brand","embeddable":true,"href":"https:\/\/aramiso-test.verteco.app\/index.php?rest_route=%2Fwp%2Fv2%2Fproduct_brand&post=11682"},{"taxonomy":"product_cat","embeddable":true,"href":"https:\/\/aramiso-test.verteco.app\/index.php?rest_route=%2Fwp%2Fv2%2Fproduct_cat&post=11682"},{"taxonomy":"product_tag","embeddable":true,"href":"https:\/\/aramiso-test.verteco.app\/index.php?rest_route=%2Fwp%2Fv2%2Fproduct_tag&post=11682"}],"curies":[{"name":"wp","href":"https:\/\/api.w.org\/{rel}","templated":true}]}}